{"id":1293,"date":"2025-07-16T10:05:36","date_gmt":"2025-07-16T10:05:36","guid":{"rendered":"http:\/\/banic-stamenkovic.ch\/porodicno-pravo\/"},"modified":"2026-03-27T08:48:05","modified_gmt":"2026-03-27T08:48:05","slug":"porodicno-pravo","status":"publish","type":"page","link":"https:\/\/banic-stamenkovic.ch\/sr\/porodicno-pravo\/","title":{"rendered":"Porodi\u010dno pravo"},"content":{"rendered":"<p>[et_pb_section fb_built=&#8220;1&#8243; admin_label=&#8220;Header&#8220; _builder_version=&#8220;4.27.4&#8243; _module_preset=&#8220;default&#8220; background_color=&#8220;gcid-70184d90-89dc-4d37-8a72-67bb78c7369e&#8220; background_color_gradient_direction=&#8220;90deg&#8220; max_height_last_edited=&#8220;off|desktop&#8220; overflow-x=&#8220;hidden&#8220; overflow-y=&#8220;hidden&#8220; custom_margin=&#8220;||0px||false|false&#8220; custom_padding=&#8220;0px||0px||false|false&#8220; global_colors_info=&#8220;{%22gcid-69e972fe-da24-4a3a-ae69-014a9d9ad22b%22:%91%22colorStart%22%93,%22gcid-70184d90-89dc-4d37-8a72-67bb78c7369e%22:%91%22background_color%22%93}&#8220;][et_pb_row column_structure=&#8220;3_5,2_5&#8243; use_custom_gutter=&#8220;on&#8220; gutter_width=&#8220;1&#8243; _builder_version=&#8220;4.27.4&#8243; _module_preset=&#8220;default&#8220; custom_padding=&#8220;0px||0px||true|false&#8220; global_colors_info=&#8220;{}&#8220;][et_pb_column type=&#8220;3_5&#8243; _builder_version=&#8220;4.16&#8243; _module_preset=&#8220;default&#8220; custom_padding=&#8220;100px|60px|200px||false|false&#8220; custom_padding_tablet=&#8220;60px|0px|60px||true|false&#8220; custom_padding_phone=&#8220;40px||40px||true|false&#8220; custom_padding_last_edited=&#8220;on|phone&#8220; global_colors_info=&#8220;{}&#8220;][et_pb_text _builder_version=&#8220;4.27.4&#8243; _module_preset=&#8220;6caedfea-843a-4e56-a387-bf180c1022ec&#8220; header_font=&#8220;&#8211;et_global_heading_font||||||||&#8220; header_4_font=&#8220;&#8211;et_global_heading_font||||||||&#8220; header_4_text_color=&#8220;#000000&#8243; header_4_font_size=&#8220;22px&#8220; max_width=&#8220;800px&#8220; custom_margin=&#8220;||20px||false|false&#8220; custom_padding=&#8220;30px||||false|false&#8220; hover_enabled=&#8220;0&#8243; header_font_size_tablet=&#8220;&#8220; header_font_size_phone=&#8220;30px&#8220; header_font_size_last_edited=&#8220;on|phone&#8220; global_colors_info=&#8220;{}&#8220; theme_builder_area=&#8220;post_content&#8220; sticky_enabled=&#8220;0&#8243;]<\/p>\n<h1>Porodi\u010dno pravo<\/h1>\n<p>[\/et_pb_text][et_pb_divider color=&#8220;gcid-heading-color&#8220; divider_weight=&#8220;3px&#8220; disabled_on=&#8220;on|on|off&#8220; _builder_version=&#8220;4.27.4&#8243; max_width=&#8220;50px&#8220; custom_margin=&#8220;-10px||12px||false|false&#8220; custom_padding=&#8220;0px||||false|false&#8220; animation_style=&#8220;fade&#8220; global_colors_info=&#8220;{%22gcid-heading-color%22:%91%22color%22%93}&#8220;][\/et_pb_divider][et_pb_text _builder_version=&#8220;4.27.4&#8243; _module_preset=&#8220;6caedfea-843a-4e56-a387-bf180c1022ec&#8220; text_font=&#8220;&#8211;et_global_body_font||||||||&#8220; link_text_color=&#8220;#000000&#8243; header_4_font=&#8220;SuisseIntl-Medium||||||||&#8220; header_4_text_color=&#8220;#000000&#8243; header_4_font_size=&#8220;20px&#8220; header_4_line_height=&#8220;1.5em&#8220; header_5_font=&#8220;SuisseIntl-Medium||||||||&#8220; max_width=&#8220;800px&#8220; custom_margin=&#8220;||20px||false|false&#8220; global_colors_info=&#8220;{}&#8220;]<\/p>\n<p style=\"font-weight: 400;\">Porodi\u010dno pravo zahteva i pravni i ljudski pristup. Na\u0161a kancelarija vas podr\u017eava u svim osetljivim fazama: razvod, razdvajanje, za\u0161titne mere bra\u010dne zajednice, roditeljsko staranje, pravo vi\u0111anja, kao i za\u0161tita odraslih. <\/p>\n<p style=\"font-weight: 400;\">Vodimo ra\u010duna o za\u0161titi va\u0161ih prava, uz istovremeno podsticanje sporazumnih re\u0161enja kada je to mogu\u0107e. Ako je sudski postupak neizbe\u017ean, zastupamo vas odlu\u010dno i precizno pred nadle\u017enim organima. <\/p>\n<p style=\"font-weight: 400;\">Svaka porodi\u010dna situacija je jedinstvena: nudimo vam pa\u017eljivo saslu\u0161anje i strategiju prilago\u0111enu va\u0161em slu\u010daju.<\/p>\n<p>[\/et_pb_text][\/et_pb_column][et_pb_column type=&#8220;2_5&#8243; _builder_version=&#8220;4.27.4&#8243; _module_preset=&#8220;default&#8220; global_colors_info=&#8220;{}&#8220;][et_pb_image src=&#8220;http:\/\/banic-stamenkovic.ch\/wp-content\/uploads\/2026\/03\/Droit-de-la-Famille-Vaud-scaled.jpg&#8220; alt=&#8220;Pravo osiguranja (privatnih i socijalnih)&#8220; title_text=&#8220;Porodi\u010dno pravo u kantonu Vaud, \u0160vajcarska&#8220; disabled_on=&#8220;on|on|off&#8220; _builder_version=&#8220;4.27.4&#8243; _module_preset=&#8220;default&#8220; custom_margin=&#8220;|-75%|0px||false|false&#8220; custom_margin_tablet=&#8220;|0%|||false|false&#8220; custom_margin_phone=&#8220;&#8220; custom_margin_last_edited=&#8220;on|tablet&#8220; custom_padding=&#8220;||0px||false|false&#8220; locked=&#8220;off&#8220; global_colors_info=&#8220;{}&#8220;][\/et_pb_image][\/et_pb_column][\/et_pb_row][\/et_pb_section][et_pb_section fb_built=&#8220;1&#8243; fullwidth=&#8220;on&#8220; _builder_version=&#8220;4.27.4&#8243; _module_preset=&#8220;default&#8220; global_colors_info=&#8220;{}&#8220;][et_pb_fullwidth_image src=&#8220;http:\/\/banic-stamenkovic.ch\/wp-content\/uploads\/2025\/07\/9N1A9639-scaled.jpg&#8220; title_text=&#8220;9N1A9639&#8243; disabled_on=&#8220;off|off|on&#8220; _builder_version=&#8220;4.27.4&#8243; _module_preset=&#8220;default&#8220; global_colors_info=&#8220;{}&#8220;][\/et_pb_fullwidth_image][\/et_pb_section][et_pb_section fb_built=&#8220;1&#8243; admin_label=&#8220;Features&#8220; _builder_version=&#8220;4.27.4&#8243; background_color=&#8220;gcid-heading-color&#8220; custom_padding=&#8220;70px||110px|||&#8220; collapsed=&#8220;off&#8220; global_colors_info=&#8220;{%22gcid-heading-color%22:%91%22background_color%22%93}&#8220;][et_pb_row _builder_version=&#8220;4.27.4&#8243; _module_preset=&#8220;default&#8220; global_colors_info=&#8220;{}&#8220;][et_pb_column type=&#8220;4_4&#8243; _builder_version=&#8220;4.27.4&#8243; _module_preset=&#8220;default&#8220; global_colors_info=&#8220;{}&#8220;][et_pb_text _builder_version=&#8220;4.27.4&#8243; _module_preset=&#8220;default&#8220; header_text_color=&#8220;#FFFFFF&#8220; global_colors_info=&#8220;{}&#8220;]<\/p>\n<h1>Advokati specijalizovani za ovu oblast<\/h1>\n<p>[\/et_pb_text][\/et_pb_column][\/et_pb_row][et_pb_row column_structure=&#8220;1_4,1_4,1_4,1_4&#8243; _builder_version=&#8220;4.16&#8243; collapsed=&#8220;off&#8220; global_colors_info=&#8220;{}&#8220;][et_pb_column type=&#8220;1_4&#8243; _builder_version=&#8220;4.16&#8243; custom_padding=&#8220;|||&#8220; global_colors_info=&#8220;{}&#8220; custom_padding__hover=&#8220;|||&#8220;][et_pb_text admin_label=&#8220;Number&#8220; _builder_version=&#8220;4.27.4&#8243; text_font=&#8220;&#8211;et_global_body_font||||||||&#8220; link_text_color=&#8220;#000000&#8243; header_2_text_color=&#8220;#FFFFFF&#8220; custom_margin=&#8220;||15px||false|false&#8220; link_option_url=&#8220;http:\/\/banic-stamenkovic.ch\/filip-banic\/&#8220; global_colors_info=&#8220;{}&#8220;]<\/p>\n<h2>Filip<br \/>Bani\u0107<\/h2>\n<p>[\/et_pb_text][et_pb_divider color=&#8220;#FFFFFF&#8220; divider_weight=&#8220;2px&#8220; disabled_on=&#8220;off|off|off&#8220; _builder_version=&#8220;4.27.4&#8243; background_color=&#8220;RGBA(255,255,255,0)&#8220; max_width=&#8220;50px&#8220; custom_margin=&#8220;-10px||12px||false|false&#8220; custom_padding=&#8220;0px||||false|false&#8220; animation_style=&#8220;fade&#8220; global_colors_info=&#8220;{}&#8220;][\/et_pb_divider][et_pb_button button_url=&#8220;http:\/\/banic-stamenkovic.ch\/filip-banic\/&#8220; button_text=&#8220;Partner &#8211; advokat&#8220; _builder_version=&#8220;4.27.4&#8243; _module_preset=&#8220;default&#8220; custom_button=&#8220;on&#8220; button_text_size=&#8220;18px&#8220; button_text_color=&#8220;#FFFFFF&#8220; button_border_width=&#8220;0px&#8220; button_font=&#8220;SuisseIntl-Medium||||||||&#8220; button_icon=&#8220;&#x24;||divi||400&#8243; button_on_hover=&#8220;off&#8220; custom_margin=&#8220;-20px||||false|false&#8220; custom_margin_tablet=&#8220;-20px||||false|false&#8220; custom_margin_phone=&#8220;-20px||||false|false&#8220; custom_margin_last_edited=&#8220;on|desktop&#8220; custom_padding=&#8220;0px|10px||0px|false|false&#8220; button_bg_color_tablet=&#8220;&#8220; button_bg_color_phone=&#8220;&#8220; button_bg_color_last_edited=&#8220;on|phone&#8220; button_bg_enable_color_tablet=&#8220;off&#8220; global_colors_info=&#8220;{}&#8220; button_bg_color__hover_enabled=&#8220;on|desktop&#8220; button_bg_color__hover=&#8220;&#8220; button_bg_enable_color__hover=&#8220;off&#8220;][\/et_pb_button][\/et_pb_column][et_pb_column type=&#8220;1_4&#8243; _builder_version=&#8220;4.16&#8243; custom_padding=&#8220;|||&#8220; global_colors_info=&#8220;{}&#8220; custom_padding__hover=&#8220;|||&#8220;][et_pb_text admin_label=&#8220;Number&#8220; _builder_version=&#8220;4.27.4&#8243; text_font=&#8220;&#8211;et_global_body_font||||||||&#8220; link_text_color=&#8220;#000000&#8243; header_2_text_color=&#8220;#FFFFFF&#8220; custom_margin=&#8220;||15px||false|false&#8220; link_option_url=&#8220;http:\/\/banic-stamenkovic.ch\/sr\/mima-jancevski\/&#8220; global_colors_info=&#8220;{%22gcid-heading-color%22:%91%22header_2_text_color%22%93}&#8220;]<\/p>\n<h2>Mima<br \/>Jan\u010devski<\/h2>\n<p>[\/et_pb_text][et_pb_divider color=&#8220;#FFFFFF&#8220; divider_weight=&#8220;2px&#8220; disabled_on=&#8220;off|off|off&#8220; _builder_version=&#8220;4.27.4&#8243; background_color=&#8220;RGBA(255,255,255,0)&#8220; max_width=&#8220;50px&#8220; custom_margin=&#8220;-10px||12px||false|false&#8220; custom_padding=&#8220;0px||||false|false&#8220; animation_style=&#8220;fade&#8220; global_colors_info=&#8220;{%22gcid-heading-color%22:%91%22color%22%93}&#8220;][\/et_pb_divider][et_pb_button button_url=&#8220;http:\/\/banic-stamenkovic.ch\/sr\/mima-jancevski\/&#8220; button_text=&#8220;Advokatska pripravnica&#8220; _builder_version=&#8220;4.27.4&#8243; _module_preset=&#8220;default&#8220; custom_button=&#8220;on&#8220; button_text_size=&#8220;18px&#8220; button_text_color=&#8220;#FFFFFF&#8220; button_border_width=&#8220;0px&#8220; button_font=&#8220;SuisseIntl-Medium||||||||&#8220; button_icon=&#8220;&#x24;||divi||400&#8243; button_on_hover=&#8220;off&#8220; custom_margin=&#8220;-20px||||false|false&#8220; custom_margin_tablet=&#8220;-20px||||false|false&#8220; custom_margin_phone=&#8220;-20px||||false|false&#8220; custom_margin_last_edited=&#8220;on|desktop&#8220; custom_padding=&#8220;0px|10px||0px|false|false&#8220; button_bg_color_tablet=&#8220;&#8220; button_bg_color_phone=&#8220;&#8220; button_bg_color_last_edited=&#8220;on|phone&#8220; button_bg_enable_color_tablet=&#8220;off&#8220; global_colors_info=&#8220;{}&#8220; button_bg_color__hover_enabled=&#8220;on|desktop&#8220; button_bg_color__hover=&#8220;RGBA(255,255,255,0)&#8220;][\/et_pb_button][\/et_pb_column][et_pb_column type=&#8220;1_4&#8243; _builder_version=&#8220;4.16&#8243; custom_padding=&#8220;|||&#8220; global_colors_info=&#8220;{}&#8220; custom_padding__hover=&#8220;|||&#8220;][\/et_pb_column][et_pb_column type=&#8220;1_4&#8243; _builder_version=&#8220;4.16&#8243; custom_padding=&#8220;|||&#8220; global_colors_info=&#8220;{}&#8220; custom_padding__hover=&#8220;|||&#8220;][\/et_pb_column][\/et_pb_row][\/et_pb_section]<\/p>\n","protected":false},"excerpt":{"rendered":"<p>Porodi\u010dno pravoPorodi\u010dno pravo zahteva i pravni i ljudski pristup. Na\u0161a kancelarija vas podr\u017eava u svim osetljivim fazama: razvod, razdvajanje, za\u0161titne mere bra\u010dne zajednice, roditeljsko staranje, pravo vi\u0111anja, kao i za\u0161tita odraslih. Vodimo ra\u010duna o za\u0161titi va\u0161ih prava, uz istovremeno podsticanje sporazumnih re\u0161enja kada je to mogu\u0107e. Ako je sudski postupak neizbe\u017ean, zastupamo vas odlu\u010dno i [&hellip;]<\/p>\n","protected":false},"author":1,"featured_media":0,"parent":0,"menu_order":0,"comment_status":"closed","ping_status":"closed","template":"","meta":{"_et_pb_use_builder":"on","_et_pb_old_content":"","_et_gb_content_width":"","footnotes":""},"class_list":["post-1293","page","type-page","status-publish","hentry"],"yoast_head":"<!-- This site is optimized with the Yoast SEO plugin v27.2 - https:\/\/yoast.com\/product\/yoast-seo-wordpress\/ -->\n<title>Porodi\u010dno pravo - Banic Stamenkovic Avocats<\/title>\n<meta name=\"description\" content=\"Razvod, roditeljsko staranje, za\u0161tita odraslih: na\u0161i advokati vas prate sa humano\u0161\u0107u i stru\u010dno\u0161\u0107u.\" \/>\n<meta name=\"robots\" content=\"index, follow, max-snippet:-1, max-image-preview:large, max-video-preview:-1\" \/>\n<link rel=\"canonical\" href=\"https:\/\/banic-stamenkovic.ch\/sr\/porodicno-pravo\/\" \/>\n<meta property=\"og:locale\" content=\"sr_RS\" \/>\n<meta property=\"og:type\" content=\"article\" \/>\n<meta property=\"og:title\" content=\"Porodi\u010dno pravo - Banic Stamenkovic Avocats\" \/>\n<meta property=\"og:description\" content=\"Razvod, roditeljsko staranje, za\u0161tita odraslih: na\u0161i advokati vas prate sa humano\u0161\u0107u i stru\u010dno\u0161\u0107u.\" \/>\n<meta property=\"og:url\" content=\"https:\/\/banic-stamenkovic.ch\/sr\/porodicno-pravo\/\" \/>\n<meta property=\"og:site_name\" content=\"Banic Stamenkovic Avocats\" \/>\n<meta property=\"article:modified_time\" content=\"2026-03-27T08:48:05+00:00\" \/>\n<meta name=\"twitter:card\" content=\"summary_large_image\" \/>\n<meta name=\"twitter:label1\" content=\"\u041f\u0440\u043e\u0446\u0435\u045a\u0435\u043d\u043e \u0432\u0440\u0435\u043c\u0435 \u0447\u0438\u0442\u0430\u045a\u0430\" \/>\n\t<meta name=\"twitter:data1\" content=\"6 \u043c\u0438\u043d\u0443\u0442\u0430\" \/>\n<script type=\"application\/ld+json\" class=\"yoast-schema-graph\">{\"@context\":\"https:\/\/schema.org\",\"@graph\":[{\"@type\":\"WebPage\",\"@id\":\"https:\/\/banic-stamenkovic.ch\/sr\/porodicno-pravo\/\",\"url\":\"https:\/\/banic-stamenkovic.ch\/sr\/porodicno-pravo\/\",\"name\":\"Porodi\u010dno pravo - Banic Stamenkovic Avocats\",\"isPartOf\":{\"@id\":\"https:\/\/banic-stamenkovic.ch\/sr\/#website\"},\"datePublished\":\"2025-07-16T10:05:36+00:00\",\"dateModified\":\"2026-03-27T08:48:05+00:00\",\"description\":\"Razvod, roditeljsko staranje, za\u0161tita odraslih: na\u0161i advokati vas prate sa humano\u0161\u0107u i stru\u010dno\u0161\u0107u.\",\"breadcrumb\":{\"@id\":\"https:\/\/banic-stamenkovic.ch\/sr\/porodicno-pravo\/#breadcrumb\"},\"inLanguage\":\"sr-RS\",\"potentialAction\":[{\"@type\":\"ReadAction\",\"target\":[\"https:\/\/banic-stamenkovic.ch\/sr\/porodicno-pravo\/\"]}]},{\"@type\":\"BreadcrumbList\",\"@id\":\"https:\/\/banic-stamenkovic.ch\/sr\/porodicno-pravo\/#breadcrumb\",\"itemListElement\":[{\"@type\":\"ListItem\",\"position\":1,\"name\":\"Accueil\",\"item\":\"https:\/\/banic-stamenkovic.ch\/sr\/\"},{\"@type\":\"ListItem\",\"position\":2,\"name\":\"Porodi\u010dno pravo\"}]},{\"@type\":\"WebSite\",\"@id\":\"https:\/\/banic-stamenkovic.ch\/sr\/#website\",\"url\":\"https:\/\/banic-stamenkovic.ch\/sr\/\",\"name\":\"Banic Stamenkovic Avocats\",\"description\":\"Lausanne\",\"potentialAction\":[{\"@type\":\"SearchAction\",\"target\":{\"@type\":\"EntryPoint\",\"urlTemplate\":\"https:\/\/banic-stamenkovic.ch\/sr\/?s={search_term_string}\"},\"query-input\":{\"@type\":\"PropertyValueSpecification\",\"valueRequired\":true,\"valueName\":\"search_term_string\"}}],\"inLanguage\":\"sr-RS\"}]}<\/script>\n<!-- \/ Yoast SEO plugin. -->","yoast_head_json":{"title":"Porodi\u010dno pravo - Banic Stamenkovic Avocats","description":"Razvod, roditeljsko staranje, za\u0161tita odraslih: na\u0161i advokati vas prate sa humano\u0161\u0107u i stru\u010dno\u0161\u0107u.","robots":{"index":"index","follow":"follow","max-snippet":"max-snippet:-1","max-image-preview":"max-image-preview:large","max-video-preview":"max-video-preview:-1"},"canonical":"https:\/\/banic-stamenkovic.ch\/sr\/porodicno-pravo\/","og_locale":"sr_RS","og_type":"article","og_title":"Porodi\u010dno pravo - Banic Stamenkovic Avocats","og_description":"Razvod, roditeljsko staranje, za\u0161tita odraslih: na\u0161i advokati vas prate sa humano\u0161\u0107u i stru\u010dno\u0161\u0107u.","og_url":"https:\/\/banic-stamenkovic.ch\/sr\/porodicno-pravo\/","og_site_name":"Banic Stamenkovic Avocats","article_modified_time":"2026-03-27T08:48:05+00:00","twitter_card":"summary_large_image","twitter_misc":{"\u041f\u0440\u043e\u0446\u0435\u045a\u0435\u043d\u043e \u0432\u0440\u0435\u043c\u0435 \u0447\u0438\u0442\u0430\u045a\u0430":"6 \u043c\u0438\u043d\u0443\u0442\u0430"},"schema":{"@context":"https:\/\/schema.org","@graph":[{"@type":"WebPage","@id":"https:\/\/banic-stamenkovic.ch\/sr\/porodicno-pravo\/","url":"https:\/\/banic-stamenkovic.ch\/sr\/porodicno-pravo\/","name":"Porodi\u010dno pravo - Banic Stamenkovic Avocats","isPartOf":{"@id":"https:\/\/banic-stamenkovic.ch\/sr\/#website"},"datePublished":"2025-07-16T10:05:36+00:00","dateModified":"2026-03-27T08:48:05+00:00","description":"Razvod, roditeljsko staranje, za\u0161tita odraslih: na\u0161i advokati vas prate sa humano\u0161\u0107u i stru\u010dno\u0161\u0107u.","breadcrumb":{"@id":"https:\/\/banic-stamenkovic.ch\/sr\/porodicno-pravo\/#breadcrumb"},"inLanguage":"sr-RS","potentialAction":[{"@type":"ReadAction","target":["https:\/\/banic-stamenkovic.ch\/sr\/porodicno-pravo\/"]}]},{"@type":"BreadcrumbList","@id":"https:\/\/banic-stamenkovic.ch\/sr\/porodicno-pravo\/#breadcrumb","itemListElement":[{"@type":"ListItem","position":1,"name":"Accueil","item":"https:\/\/banic-stamenkovic.ch\/sr\/"},{"@type":"ListItem","position":2,"name":"Porodi\u010dno pravo"}]},{"@type":"WebSite","@id":"https:\/\/banic-stamenkovic.ch\/sr\/#website","url":"https:\/\/banic-stamenkovic.ch\/sr\/","name":"Banic Stamenkovic Avocats","description":"Lausanne","potentialAction":[{"@type":"SearchAction","target":{"@type":"EntryPoint","urlTemplate":"https:\/\/banic-stamenkovic.ch\/sr\/?s={search_term_string}"},"query-input":{"@type":"PropertyValueSpecification","valueRequired":true,"valueName":"search_term_string"}}],"inLanguage":"sr-RS"}]}},"_links":{"self":[{"href":"https:\/\/banic-stamenkovic.ch\/sr\/wp-json\/wp\/v2\/pages\/1293","targetHints":{"allow":["GET"]}}],"collection":[{"href":"https:\/\/banic-stamenkovic.ch\/sr\/wp-json\/wp\/v2\/pages"}],"about":[{"href":"https:\/\/banic-stamenkovic.ch\/sr\/wp-json\/wp\/v2\/types\/page"}],"author":[{"embeddable":true,"href":"https:\/\/banic-stamenkovic.ch\/sr\/wp-json\/wp\/v2\/users\/1"}],"replies":[{"embeddable":true,"href":"https:\/\/banic-stamenkovic.ch\/sr\/wp-json\/wp\/v2\/comments?post=1293"}],"version-history":[{"count":6,"href":"https:\/\/banic-stamenkovic.ch\/sr\/wp-json\/wp\/v2\/pages\/1293\/revisions"}],"predecessor-version":[{"id":1872,"href":"https:\/\/banic-stamenkovic.ch\/sr\/wp-json\/wp\/v2\/pages\/1293\/revisions\/1872"}],"wp:attachment":[{"href":"https:\/\/banic-stamenkovic.ch\/sr\/wp-json\/wp\/v2\/media?parent=1293"}],"curies":[{"name":"wp","href":"https:\/\/api.w.org\/{rel}","templated":true}]}}