{"id":1277,"date":"2025-07-16T10:23:52","date_gmt":"2025-07-16T10:23:52","guid":{"rendered":"http:\/\/banic-stamenkovic.ch\/kontakt\/"},"modified":"2026-03-23T15:01:49","modified_gmt":"2026-03-23T15:01:49","slug":"kontakt","status":"publish","type":"page","link":"https:\/\/banic-stamenkovic.ch\/sr\/kontakt\/","title":{"rendered":"Kontakt"},"content":{"rendered":"<p>[et_pb_section fb_built=&#8220;1&#8243; disabled_on=&#8220;on|on|on&#8220; admin_label=&#8220;Header&#8220; _builder_version=&#8220;4.27.4&#8243; _module_preset=&#8220;default&#8220; background_color=&#8220;gcid-primary-color&#8220; custom_padding=&#8220;0px||0px||true|false&#8220; disabled=&#8220;on&#8220; collapsed=&#8220;off&#8220; global_colors_info=&#8220;{%22gcid-primary-color%22:%91%22background_color%22%93}&#8220;][et_pb_row column_structure=&#8220;1_2,1_2&#8243; make_equal=&#8220;on&#8220; _builder_version=&#8220;4.27.4&#8243; _module_preset=&#8220;default&#8220; width=&#8220;94%&#8220; width_tablet=&#8220;80%&#8220; width_phone=&#8220;80%&#8220; width_last_edited=&#8220;on|desktop&#8220; max_width=&#8220;2000px&#8220; custom_margin=&#8220;0px|0px|0px||true|false&#8220; custom_margin_tablet=&#8220;|10px||50px|true|false&#8220; custom_margin_phone=&#8220;|0px||0px|true|true&#8220; custom_margin_last_edited=&#8220;on|phone&#8220; custom_padding=&#8220;0px||0px||true|false&#8220; global_colors_info=&#8220;{}&#8220;][et_pb_column type=&#8220;1_2&#8243; _builder_version=&#8220;4.27.4&#8243; _module_preset=&#8220;default&#8220; custom_padding=&#8220;10vh||40vh||false|false&#8220; custom_padding_tablet=&#8220;12vw|10px|1vh||false|false&#8220; custom_padding_phone=&#8220;12vw|0px|0px|40px|false|false&#8220; custom_padding_last_edited=&#8220;on|phone&#8220; global_colors_info=&#8220;{}&#8220;][et_pb_text _builder_version=&#8220;4.27.4&#8243; _module_preset=&#8220;6caedfea-843a-4e56-a387-bf180c1022ec&#8220; header_font=&#8220;&#8211;et_global_heading_font||||||||&#8220; header_text_color=&#8220;#FFFFFF&#8220; header_4_font=&#8220;&#8211;et_global_heading_font||||||||&#8220; header_4_text_color=&#8220;#FFFFFF&#8220; header_4_font_size=&#8220;22px&#8220; max_width=&#8220;800px&#8220; custom_margin=&#8220;||20px||false|false&#8220; global_colors_info=&#8220;{}&#8220;]<\/p>\n<h1>Kontakt<\/h1>\n<p>[\/et_pb_text][et_pb_text _builder_version=&#8220;4.27.4&#8243; _module_preset=&#8220;default&#8220; header_text_color=&#8220;#FFFFFF&#8220; header_3_font=&#8220;SuisseIntl-Medium||||||||&#8220; header_3_text_color=&#8220;#FFFFFF&#8220; header_3_font_size=&#8220;20px&#8220; header_4_text_color=&#8220;#000000&#8243; custom_margin=&#8220;100px||||false|false&#8220; custom_margin_tablet=&#8220;70px||||false|false&#8220; custom_margin_phone=&#8220;50px||||false|false&#8220; custom_margin_last_edited=&#8220;on|phone&#8220; global_colors_info=&#8220;{}&#8220;]<\/p>\n<h3><span>Banic Stamenkovic Advokati<\/span><\/h3>\n<p>[\/et_pb_text][et_pb_blurb title=&#8220;024 424 14 00&#8243; use_icon=&#8220;on&#8220; font_icon=&#8220;&#xe090;||divi||400&#8243; icon_color=&#8220;#FFFFFF&#8220; icon_placement=&#8220;left&#8220; image_icon_width=&#8220;25px&#8220; content_max_width=&#8220;1100px&#8220; content_max_width_tablet=&#8220;1100px&#8220; content_max_width_phone=&#8220;1100px&#8220; content_max_width_last_edited=&#8220;on|phone&#8220; _builder_version=&#8220;4.27.4&#8243; _module_preset=&#8220;default&#8220; header_font=&#8220;SuisseIntl-Medium||||||||&#8220; header_text_color=&#8220;#FFFFFF&#8220; header_font_size=&#8220;20px&#8220; custom_margin=&#8220;|||0px|false|false&#8220; custom_padding=&#8220;|||0px|false|false&#8220; animation_style=&#8220;fade&#8220; header_font_size_tablet=&#8220;25px&#8220; header_font_size_phone=&#8220;25px&#8220; header_font_size_last_edited=&#8220;on|phone&#8220; global_colors_info=&#8220;{}&#8220;][\/et_pb_blurb][et_pb_blurb title=&#8220;secretariat@bs-a.ch&#8220; use_icon=&#8220;on&#8220; font_icon=&#8220;&#xe010;||divi||400&#8243; icon_color=&#8220;#FFFFFF&#8220; icon_placement=&#8220;left&#8220; image_icon_width=&#8220;25px&#8220; content_max_width=&#8220;1100px&#8220; content_max_width_tablet=&#8220;1100px&#8220; content_max_width_phone=&#8220;1100px&#8220; content_max_width_last_edited=&#8220;on|phone&#8220; _builder_version=&#8220;4.27.4&#8243; _module_preset=&#8220;default&#8220; header_font=&#8220;SuisseIntl-Medium||||||||&#8220; header_text_color=&#8220;#FFFFFF&#8220; header_font_size=&#8220;20px&#8220; custom_margin=&#8220;|||0px|false|false&#8220; custom_padding=&#8220;|||0px|false|false&#8220; animation_style=&#8220;fade&#8220; header_font_size_tablet=&#8220;25px&#8220; header_font_size_phone=&#8220;25px&#8220; header_font_size_last_edited=&#8220;on|phone&#8220; global_colors_info=&#8220;{}&#8220;][\/et_pb_blurb][\/et_pb_column][et_pb_column type=&#8220;1_2&#8243; disabled_on=&#8220;on|on|off&#8220; _builder_version=&#8220;4.27.4&#8243; _module_preset=&#8220;default&#8220; background_image=&#8220;http:\/\/banic-stamenkovic.ch\/wp-content\/uploads\/2025\/09\/9N1A9539-scaled.jpg&#8220; custom_padding=&#8220;|0px|0px||false|false&#8220; custom_padding_tablet=&#8220;|0px|0px||false|false&#8220; custom_padding_phone=&#8220;|0px|0px||false|false&#8220; custom_padding_last_edited=&#8220;on|phone&#8220; global_colors_info=&#8220;{}&#8220;][et_pb_divider show_divider=&#8220;off&#8220; _builder_version=&#8220;4.21.0&#8243; _module_preset=&#8220;default&#8220; height_tablet=&#8220;40vw&#8220; height_phone=&#8220;40vw&#8220; height_last_edited=&#8220;on|desktop&#8220; global_colors_info=&#8220;{}&#8220;][\/et_pb_divider][\/et_pb_column][\/et_pb_row][\/et_pb_section][et_pb_section fb_built=&#8220;1&#8243; _builder_version=&#8220;4.27.4&#8243; _module_preset=&#8220;default&#8220; background_color=&#8220;gcid-primary-color&#8220; global_colors_info=&#8220;{%22gcid-primary-color%22:%91%22background_color%22%93}&#8220;][et_pb_row column_structure=&#8220;1_2,1_2&#8243; _builder_version=&#8220;4.27.4&#8243; _module_preset=&#8220;default&#8220; custom_padding=&#8220;2px||1px|||&#8220; global_colors_info=&#8220;{}&#8220;][et_pb_column type=&#8220;1_2&#8243; _builder_version=&#8220;4.27.4&#8243; _module_preset=&#8220;default&#8220; global_colors_info=&#8220;{}&#8220;][et_pb_divider color=&#8220;gcid-heading-color&#8220; divider_weight=&#8220;3px&#8220; disabled_on=&#8220;on|on|off&#8220; _builder_version=&#8220;4.27.4&#8243; max_width=&#8220;50px&#8220; custom_margin=&#8220;-10px||12px||false|false&#8220; custom_padding=&#8220;0px||||false|false&#8220; animation_style=&#8220;fade&#8220; global_colors_info=&#8220;{%22gcid-heading-color%22:%91%22color%22%93}&#8220;][\/et_pb_divider][et_pb_text _builder_version=&#8220;4.27.4&#8243; _module_preset=&#8220;6caedfea-843a-4e56-a387-bf180c1022ec&#8220; header_font=&#8220;&#8211;et_global_heading_font||||||||&#8220; header_text_color=&#8220;#FFFFFF&#8220; header_4_font=&#8220;&#8211;et_global_heading_font||||||||&#8220; header_4_text_color=&#8220;#FFFFFF&#8220; header_4_font_size=&#8220;22px&#8220; max_width=&#8220;800px&#8220; custom_margin=&#8220;||20px||false|false&#8220; custom_padding=&#8220;50px||||false|false&#8220; global_colors_info=&#8220;{}&#8220;]<\/p>\n<h1>Kontakt<\/h1>\n<p>[\/et_pb_text][et_pb_text _builder_version=&#8220;4.27.4&#8243; _module_preset=&#8220;default&#8220; header_text_color=&#8220;#FFFFFF&#8220; header_3_font=&#8220;SuisseIntl-Medium||||||||&#8220; header_3_text_color=&#8220;#FFFFFF&#8220; header_3_font_size=&#8220;20px&#8220; header_4_text_color=&#8220;#000000&#8243; custom_margin=&#8220;100px||||false|false&#8220; custom_margin_tablet=&#8220;70px||||false|false&#8220; custom_margin_phone=&#8220;50px||||false|false&#8220; custom_margin_last_edited=&#8220;on|phone&#8220; global_colors_info=&#8220;{}&#8220;]<\/p>\n<h3><span>Banic Stamenkovic Advokati<\/span><\/h3>\n<p>[\/et_pb_text][et_pb_blurb title=&#8220;024 424 14 00&#8243; use_icon=&#8220;on&#8220; font_icon=&#8220;&#xe090;||divi||400&#8243; icon_color=&#8220;#FFFFFF&#8220; icon_placement=&#8220;left&#8220; image_icon_width=&#8220;25px&#8220; content_max_width=&#8220;1100px&#8220; content_max_width_tablet=&#8220;1100px&#8220; content_max_width_phone=&#8220;1100px&#8220; content_max_width_last_edited=&#8220;on|phone&#8220; _builder_version=&#8220;4.27.4&#8243; _module_preset=&#8220;default&#8220; header_font=&#8220;SuisseIntl-Medium||||||||&#8220; header_text_color=&#8220;#FFFFFF&#8220; header_font_size=&#8220;20px&#8220; custom_margin=&#8220;|||0px|false|false&#8220; custom_padding=&#8220;|||0px|false|false&#8220; animation_style=&#8220;fade&#8220; header_font_size_tablet=&#8220;25px&#8220; header_font_size_phone=&#8220;25px&#8220; header_font_size_last_edited=&#8220;on|phone&#8220; global_colors_info=&#8220;{}&#8220;][\/et_pb_blurb][et_pb_blurb title=&#8220;secretariat@bs-a.ch&#8220; use_icon=&#8220;on&#8220; font_icon=&#8220;&#xe010;||divi||400&#8243; icon_color=&#8220;#FFFFFF&#8220; icon_placement=&#8220;left&#8220; image_icon_width=&#8220;25px&#8220; content_max_width=&#8220;1100px&#8220; content_max_width_tablet=&#8220;1100px&#8220; content_max_width_phone=&#8220;1100px&#8220; content_max_width_last_edited=&#8220;on|phone&#8220; _builder_version=&#8220;4.27.4&#8243; _module_preset=&#8220;default&#8220; header_font=&#8220;SuisseIntl-Medium||||||||&#8220; header_text_color=&#8220;#FFFFFF&#8220; header_font_size=&#8220;20px&#8220; custom_margin=&#8220;|||0px|false|false&#8220; custom_padding=&#8220;|||0px|false|false&#8220; animation_style=&#8220;fade&#8220; header_font_size_tablet=&#8220;25px&#8220; header_font_size_phone=&#8220;25px&#8220; header_font_size_last_edited=&#8220;on|phone&#8220; global_colors_info=&#8220;{}&#8220;][\/et_pb_blurb][\/et_pb_column][et_pb_column type=&#8220;1_2&#8243; _builder_version=&#8220;4.27.4&#8243; _module_preset=&#8220;default&#8220; global_colors_info=&#8220;{}&#8220;][et_pb_image src=&#8220;http:\/\/banic-stamenkovic.ch\/wp-content\/uploads\/2025\/11\/9N1A9539-copie-scaled.jpg&#8220; alt=&#8220;Me Filip Bani\u0107 &#8211; advokat u Lozani i Iverdonu&#8220; title_text=&#8220;9N1A9539 copie&#8220; disabled_on=&#8220;on|on|off&#8220; _builder_version=&#8220;4.27.4&#8243; _module_preset=&#8220;default&#8220; global_colors_info=&#8220;{}&#8220;][\/et_pb_image][\/et_pb_column][\/et_pb_row][\/et_pb_section][et_pb_section fb_built=&#8220;1&#8243; fullwidth=&#8220;on&#8220; _builder_version=&#8220;4.27.4&#8243; _module_preset=&#8220;default&#8220; global_colors_info=&#8220;{}&#8220;][et_pb_fullwidth_image src=&#8220;http:\/\/banic-stamenkovic.ch\/wp-content\/uploads\/2025\/09\/9N1A9539-scaled.jpg&#8220; title_text=&#8220;Banic Stamenkovic &#8211; Advokati&#8220; disabled_on=&#8220;off|off|on&#8220; _builder_version=&#8220;4.27.4&#8243; _module_preset=&#8220;default&#8220; global_colors_info=&#8220;{}&#8220;][\/et_pb_fullwidth_image][\/et_pb_section][et_pb_section fb_built=&#8220;1&#8243; admin_label=&#8220;Header &#038; Contact&#8220; _builder_version=&#8220;4.27.4&#8243; _module_preset=&#8220;default&#8220; background_color=&#8220;#FFFFFF&#8220; hover_enabled=&#8220;0&#8243; collapsed=&#8220;on&#8220; global_colors_info=&#8220;{}&#8220; sticky_enabled=&#8220;0&#8243;][et_pb_row column_structure=&#8220;1_2,1_2&#8243; _builder_version=&#8220;4.27.4&#8243; _module_preset=&#8220;default&#8220; global_colors_info=&#8220;{}&#8220;][et_pb_column type=&#8220;1_2&#8243; _builder_version=&#8220;4.27.4&#8243; _module_preset=&#8220;default&#8220; global_colors_info=&#8220;{}&#8220;][et_pb_heading title=&#8220;Lozana&#8220; _builder_version=&#8220;4.27.4&#8243; _module_preset=&#8220;b78edbd2-e2e0-4918-8b42-8b4ea85d335c&#8220; title_font=&#8220;&#8211;et_global_heading_font||||||||&#8220; title_font_size=&#8220;25px&#8220; animation_style=&#8220;fade&#8220; title_font_size_tablet=&#8220;25px&#8220; title_font_size_phone=&#8220;22px&#8220; title_font_size_last_edited=&#8220;on|phone&#8220; border_color_all=&#8220;rgba(0,0,0,0.15)&#8220; locked=&#8220;off&#8220; global_colors_info=&#8220;{}&#8220;][\/et_pb_heading][et_pb_text _builder_version=&#8220;4.27.4&#8243; _module_preset=&#8220;b92f45ad-8890-440e-8021-8d2b74dab652&#8243; text_font=&#8220;&#8211;et_global_body_font||||||||&#8220; custom_margin=&#8220;||0px||false|false&#8220; global_colors_info=&#8220;{}&#8220;]<\/p>\n<p>Rue Caroline 2, 1003 Lozana<span> <\/span><\/p>\n<p>[\/et_pb_text][et_pb_text _builder_version=&#8220;4.27.4&#8243; _module_preset=&#8220;b92f45ad-8890-440e-8021-8d2b74dab652&#8243; text_font=&#8220;&#8211;et_global_body_font||||||||&#8220; custom_margin=&#8220;||0px||false|false&#8220; global_colors_info=&#8220;{}&#8220;]<\/p>\n<p>Pristup javnim prevozom: metro &#8211; M2 (stanica Bessi\u00e8re)<\/p>\n<p>[\/et_pb_text][et_pb_text _builder_version=&#8220;4.27.4&#8243; _module_preset=&#8220;b92f45ad-8890-440e-8021-8d2b74dab652&#8243; text_font=&#8220;&#8211;et_global_body_font||||||||&#8220; custom_margin=&#8220;||0px||false|false&#8220; global_colors_info=&#8220;{}&#8220;]<\/p>\n<p>Pristup automobilom: parking Coop Caroline<\/p>\n<p>[\/et_pb_text][\/et_pb_column][et_pb_column type=&#8220;1_2&#8243; _builder_version=&#8220;4.27.4&#8243; _module_preset=&#8220;default&#8220; global_colors_info=&#8220;{}&#8220;][et_pb_heading title=&#8220;Yverdon&#8220; _builder_version=&#8220;4.27.4&#8243; _module_preset=&#8220;b78edbd2-e2e0-4918-8b42-8b4ea85d335c&#8220; title_font=&#8220;&#8211;et_global_heading_font||||||||&#8220; title_font_size=&#8220;25px&#8220; animation_style=&#8220;fade&#8220; title_font_size_tablet=&#8220;25px&#8220; title_font_size_phone=&#8220;22px&#8220; title_font_size_last_edited=&#8220;on|phone&#8220; border_color_all=&#8220;rgba(0,0,0,0.15)&#8220; locked=&#8220;off&#8220; global_colors_info=&#8220;{}&#8220;][\/et_pb_heading][et_pb_text _builder_version=&#8220;4.27.4&#8243; _module_preset=&#8220;b92f45ad-8890-440e-8021-8d2b74dab652&#8243; text_font=&#8220;&#8211;et_global_body_font||||||||&#8220; custom_margin=&#8220;||0px||false|false&#8220; global_colors_info=&#8220;{}&#8220;]<\/p>\n<p><span>Rue de la Plaine 9-11, 1400 Yverdon-les-Bains <\/span><\/p>\n<p>[\/et_pb_text][et_pb_text _builder_version=&#8220;4.27.4&#8243; _module_preset=&#8220;b92f45ad-8890-440e-8021-8d2b74dab652&#8243; text_font=&#8220;&#8211;et_global_body_font||||||||&#8220; custom_margin=&#8220;||0px||false|false&#8220; global_colors_info=&#8220;{}&#8220;]<\/p>\n<p>Pristup javnim prevozom: \u017eelezni\u010dka stanica CFF (7 min \u043f\u0435\u0448\u043a\u0435)<\/p>\n<p>[\/et_pb_text][et_pb_text _builder_version=&#8220;4.27.4&#8243; _module_preset=&#8220;b92f45ad-8890-440e-8021-8d2b74dab652&#8243; text_font=&#8220;&#8211;et_global_body_font||||||||&#8220; custom_margin=&#8220;||0px||false|false&#8220; global_colors_info=&#8220;{}&#8220;]Pristup automobilom: parking Place d\u2019Armes (5 min pe\u0161ke)[\/et_pb_text][\/et_pb_column][\/et_pb_row][\/et_pb_section][et_pb_section fb_built=&#8220;1&#8243; admin_label=&#8220;Header &#038; Contact&#8220; _builder_version=&#8220;4.27.4&#8243; _module_preset=&#8220;default&#8220; background_color=&#8220;gcid-70184d90-89dc-4d37-8a72-67bb78c7369e&#8220; animation_style=&#8220;fade&#8220; hover_enabled=&#8220;0&#8243; border_color_all=&#8220;rgba(0,0,0,0.15)&#8220; collapsed=&#8220;on&#8220; global_colors_info=&#8220;{%22gcid-70184d90-89dc-4d37-8a72-67bb78c7369e%22:%91%22background_color%22%93}&#8220; title_font_size_tablet=&#8220;25px&#8220; title_font_size_phone=&#8220;22px&#8220; title_font_size_last_edited=&#8220;on|phone&#8220; sticky_enabled=&#8220;0&#8243;][et_pb_row column_structure=&#8220;1_2,1_2&#8243; _builder_version=&#8220;4.27.4&#8243; _module_preset=&#8220;default&#8220; global_colors_info=&#8220;{}&#8220;][et_pb_column type=&#8220;1_2&#8243; _builder_version=&#8220;4.27.4&#8243; _module_preset=&#8220;default&#8220; global_colors_info=&#8220;{}&#8220;][et_pb_image src=&#8220;http:\/\/banic-stamenkovic.ch\/wp-content\/uploads\/2025\/11\/9N1A9747-copie-scaled.jpg&#8220; title_text=&#8220;9N1A9747 copie&#8220; _builder_version=&#8220;4.27.4&#8243; _module_preset=&#8220;default&#8220; width_tablet=&#8220;&#8220; width_phone=&#8220;&#8220; width_last_edited=&#8220;on|phone&#8220; global_colors_info=&#8220;{}&#8220;][\/et_pb_image][\/et_pb_column][et_pb_column type=&#8220;1_2&#8243; _builder_version=&#8220;4.27.4&#8243; _module_preset=&#8220;default&#8220; global_colors_info=&#8220;{}&#8220;][et_pb_heading title=&#8220;Asistentkinja&#8220; _builder_version=&#8220;4.27.4&#8243; _module_preset=&#8220;b78edbd2-e2e0-4918-8b42-8b4ea85d335c&#8220; title_font=&#8220;&#8211;et_global_heading_font||||||||&#8220; title_font_size=&#8220;25px&#8220; custom_padding=&#8220;50px||||false|false&#8220; animation_style=&#8220;fade&#8220; title_font_size_tablet=&#8220;25px&#8220; title_font_size_phone=&#8220;22px&#8220; title_font_size_last_edited=&#8220;on|phone&#8220; border_color_all=&#8220;rgba(0,0,0,0.15)&#8220; locked=&#8220;off&#8220; global_colors_info=&#8220;{}&#8220;][\/et_pb_heading][et_pb_text _builder_version=&#8220;4.27.4&#8243; _module_preset=&#8220;b92f45ad-8890-440e-8021-8d2b74dab652&#8243; text_font=&#8220;&#8211;et_global_body_font||||||||&#8220; header_5_font=&#8220;SuisseIntl-Medium||||||||&#8220; custom_margin=&#8220;||0px||false|false&#8220; global_colors_info=&#8220;{}&#8220;]<\/p>\n<h5>Maria Kennedy<\/h5>\n<p>[\/et_pb_text][et_pb_text _builder_version=&#8220;4.27.4&#8243; _module_preset=&#8220;b92f45ad-8890-440e-8021-8d2b74dab652&#8243; text_font=&#8220;&#8211;et_global_body_font||||||||&#8220; custom_margin=&#8220;||0px||false|false&#8220; global_colors_info=&#8220;{}&#8220;]<\/p>\n<p><span>Jezici: francuski, engleski, \u0161panski<\/span><\/p>\n<p>[\/et_pb_text][\/et_pb_column][\/et_pb_row][\/et_pb_section]<\/p>\n","protected":false},"excerpt":{"rendered":"<p>KontaktBanic Stamenkovic AdvokatiKontaktBanic Stamenkovic AdvokatiRue Caroline 2, 1003 Lozana Pristup javnim prevozom: metro &#8211; M2 (stanica Bessi\u00e8re)Pristup automobilom: parking Coop CarolineRue de la Plaine 9-11, 1400 Yverdon-les-Bains Pristup javnim prevozom: \u017eelezni\u010dka stanica CFF (7 min \u043f\u0435\u0448\u043a\u0435)Pristup automobilom: parking Place d\u2019Armes (5 min pe\u0161ke)Maria KennedyJezici: francuski, engleski, \u0161panski<\/p>\n","protected":false},"author":1,"featured_media":0,"parent":0,"menu_order":0,"comment_status":"closed","ping_status":"closed","template":"","meta":{"_et_pb_use_builder":"on","_et_pb_old_content":"","_et_gb_content_width":"","footnotes":""},"class_list":["post-1277","page","type-page","status-publish","hentry"],"yoast_head":"<!-- This site is optimized with the Yoast SEO plugin v27.2 - https:\/\/yoast.com\/product\/yoast-seo-wordpress\/ -->\n<title>Kontakt - Banic Stamenkovic Avocats<\/title>\n<meta name=\"description\" content=\"Banic Stamenkovic - Advokati Kontakt Advokati u Lozani i Iverdonu\" \/>\n<meta name=\"robots\" content=\"index, follow, max-snippet:-1, max-image-preview:large, max-video-preview:-1\" \/>\n<link rel=\"canonical\" href=\"https:\/\/banic-stamenkovic.ch\/sr\/kontakt\/\" \/>\n<meta property=\"og:locale\" content=\"sr_RS\" \/>\n<meta property=\"og:type\" content=\"article\" \/>\n<meta property=\"og:title\" content=\"Kontakt - Banic Stamenkovic Avocats\" \/>\n<meta property=\"og:description\" content=\"Banic Stamenkovic - Advokati Kontakt Advokati u Lozani i Iverdonu\" \/>\n<meta property=\"og:url\" content=\"https:\/\/banic-stamenkovic.ch\/sr\/kontakt\/\" \/>\n<meta property=\"og:site_name\" content=\"Banic Stamenkovic Avocats\" \/>\n<meta property=\"article:modified_time\" content=\"2026-03-23T15:01:49+00:00\" \/>\n<meta name=\"twitter:card\" content=\"summary_large_image\" \/>\n<meta name=\"twitter:label1\" content=\"\u041f\u0440\u043e\u0446\u0435\u045a\u0435\u043d\u043e \u0432\u0440\u0435\u043c\u0435 \u0447\u0438\u0442\u0430\u045a\u0430\" \/>\n\t<meta name=\"twitter:data1\" content=\"9 \u043c\u0438\u043d\u0443\u0442\u0430\" \/>\n<script type=\"application\/ld+json\" class=\"yoast-schema-graph\">{\"@context\":\"https:\/\/schema.org\",\"@graph\":[{\"@type\":\"WebPage\",\"@id\":\"https:\/\/banic-stamenkovic.ch\/sr\/kontakt\/\",\"url\":\"https:\/\/banic-stamenkovic.ch\/sr\/kontakt\/\",\"name\":\"Kontakt - Banic Stamenkovic Avocats\",\"isPartOf\":{\"@id\":\"https:\/\/banic-stamenkovic.ch\/sr\/#website\"},\"datePublished\":\"2025-07-16T10:23:52+00:00\",\"dateModified\":\"2026-03-23T15:01:49+00:00\",\"description\":\"Banic Stamenkovic - Advokati Kontakt Advokati u Lozani i Iverdonu\",\"breadcrumb\":{\"@id\":\"https:\/\/banic-stamenkovic.ch\/sr\/kontakt\/#breadcrumb\"},\"inLanguage\":\"sr-RS\",\"potentialAction\":[{\"@type\":\"ReadAction\",\"target\":[\"https:\/\/banic-stamenkovic.ch\/sr\/kontakt\/\"]}]},{\"@type\":\"BreadcrumbList\",\"@id\":\"https:\/\/banic-stamenkovic.ch\/sr\/kontakt\/#breadcrumb\",\"itemListElement\":[{\"@type\":\"ListItem\",\"position\":1,\"name\":\"Accueil\",\"item\":\"https:\/\/banic-stamenkovic.ch\/sr\/\"},{\"@type\":\"ListItem\",\"position\":2,\"name\":\"Kontakt\"}]},{\"@type\":\"WebSite\",\"@id\":\"https:\/\/banic-stamenkovic.ch\/sr\/#website\",\"url\":\"https:\/\/banic-stamenkovic.ch\/sr\/\",\"name\":\"Banic Stamenkovic Avocats\",\"description\":\"Lausanne\",\"potentialAction\":[{\"@type\":\"SearchAction\",\"target\":{\"@type\":\"EntryPoint\",\"urlTemplate\":\"https:\/\/banic-stamenkovic.ch\/sr\/?s={search_term_string}\"},\"query-input\":{\"@type\":\"PropertyValueSpecification\",\"valueRequired\":true,\"valueName\":\"search_term_string\"}}],\"inLanguage\":\"sr-RS\"}]}<\/script>\n<!-- \/ Yoast SEO plugin. -->","yoast_head_json":{"title":"Kontakt - Banic Stamenkovic Avocats","description":"Banic Stamenkovic - Advokati Kontakt Advokati u Lozani i Iverdonu","robots":{"index":"index","follow":"follow","max-snippet":"max-snippet:-1","max-image-preview":"max-image-preview:large","max-video-preview":"max-video-preview:-1"},"canonical":"https:\/\/banic-stamenkovic.ch\/sr\/kontakt\/","og_locale":"sr_RS","og_type":"article","og_title":"Kontakt - Banic Stamenkovic Avocats","og_description":"Banic Stamenkovic - Advokati Kontakt Advokati u Lozani i Iverdonu","og_url":"https:\/\/banic-stamenkovic.ch\/sr\/kontakt\/","og_site_name":"Banic Stamenkovic Avocats","article_modified_time":"2026-03-23T15:01:49+00:00","twitter_card":"summary_large_image","twitter_misc":{"\u041f\u0440\u043e\u0446\u0435\u045a\u0435\u043d\u043e \u0432\u0440\u0435\u043c\u0435 \u0447\u0438\u0442\u0430\u045a\u0430":"9 \u043c\u0438\u043d\u0443\u0442\u0430"},"schema":{"@context":"https:\/\/schema.org","@graph":[{"@type":"WebPage","@id":"https:\/\/banic-stamenkovic.ch\/sr\/kontakt\/","url":"https:\/\/banic-stamenkovic.ch\/sr\/kontakt\/","name":"Kontakt - Banic Stamenkovic Avocats","isPartOf":{"@id":"https:\/\/banic-stamenkovic.ch\/sr\/#website"},"datePublished":"2025-07-16T10:23:52+00:00","dateModified":"2026-03-23T15:01:49+00:00","description":"Banic Stamenkovic - Advokati Kontakt Advokati u Lozani i Iverdonu","breadcrumb":{"@id":"https:\/\/banic-stamenkovic.ch\/sr\/kontakt\/#breadcrumb"},"inLanguage":"sr-RS","potentialAction":[{"@type":"ReadAction","target":["https:\/\/banic-stamenkovic.ch\/sr\/kontakt\/"]}]},{"@type":"BreadcrumbList","@id":"https:\/\/banic-stamenkovic.ch\/sr\/kontakt\/#breadcrumb","itemListElement":[{"@type":"ListItem","position":1,"name":"Accueil","item":"https:\/\/banic-stamenkovic.ch\/sr\/"},{"@type":"ListItem","position":2,"name":"Kontakt"}]},{"@type":"WebSite","@id":"https:\/\/banic-stamenkovic.ch\/sr\/#website","url":"https:\/\/banic-stamenkovic.ch\/sr\/","name":"Banic Stamenkovic Avocats","description":"Lausanne","potentialAction":[{"@type":"SearchAction","target":{"@type":"EntryPoint","urlTemplate":"https:\/\/banic-stamenkovic.ch\/sr\/?s={search_term_string}"},"query-input":{"@type":"PropertyValueSpecification","valueRequired":true,"valueName":"search_term_string"}}],"inLanguage":"sr-RS"}]}},"_links":{"self":[{"href":"https:\/\/banic-stamenkovic.ch\/sr\/wp-json\/wp\/v2\/pages\/1277","targetHints":{"allow":["GET"]}}],"collection":[{"href":"https:\/\/banic-stamenkovic.ch\/sr\/wp-json\/wp\/v2\/pages"}],"about":[{"href":"https:\/\/banic-stamenkovic.ch\/sr\/wp-json\/wp\/v2\/types\/page"}],"author":[{"embeddable":true,"href":"https:\/\/banic-stamenkovic.ch\/sr\/wp-json\/wp\/v2\/users\/1"}],"replies":[{"embeddable":true,"href":"https:\/\/banic-stamenkovic.ch\/sr\/wp-json\/wp\/v2\/comments?post=1277"}],"version-history":[{"count":2,"href":"https:\/\/banic-stamenkovic.ch\/sr\/wp-json\/wp\/v2\/pages\/1277\/revisions"}],"predecessor-version":[{"id":1279,"href":"https:\/\/banic-stamenkovic.ch\/sr\/wp-json\/wp\/v2\/pages\/1277\/revisions\/1279"}],"wp:attachment":[{"href":"https:\/\/banic-stamenkovic.ch\/sr\/wp-json\/wp\/v2\/media?parent=1277"}],"curies":[{"name":"wp","href":"https:\/\/api.w.org\/{rel}","templated":true}]}}