{"id":1267,"date":"2025-07-16T10:13:21","date_gmt":"2025-07-16T10:13:21","guid":{"rendered":"http:\/\/banic-stamenkovic.ch\/mima-jancevski\/"},"modified":"2026-03-27T08:50:28","modified_gmt":"2026-03-27T08:50:28","slug":"mima-jancevski","status":"publish","type":"page","link":"https:\/\/banic-stamenkovic.ch\/sr\/mima-jancevski\/","title":{"rendered":"Mima Jan\u010devski"},"content":{"rendered":"<p>[et_pb_section fb_built=&#8220;1&#8243; disabled_on=&#8220;on|on|off&#8220; _builder_version=&#8220;4.27.4&#8243; _module_preset=&#8220;default&#8220; background_color=&#8220;gcid-primary-color&#8220; global_colors_info=&#8220;{%22gcid-primary-color%22:%91%22background_color%22%93}&#8220;][et_pb_row column_structure=&#8220;1_2,1_2&#8243; _builder_version=&#8220;4.27.4&#8243; _module_preset=&#8220;default&#8220; custom_padding=&#8220;2px||1px|||&#8220; global_colors_info=&#8220;{}&#8220;][et_pb_column type=&#8220;1_2&#8243; _builder_version=&#8220;4.27.4&#8243; _module_preset=&#8220;default&#8220; global_colors_info=&#8220;{}&#8220;][et_pb_image src=&#8220;http:\/\/banic-stamenkovic.ch\/wp-content\/uploads\/2025\/09\/9N1A9712-scaled.jpg&#8220; alt=&#8220;Mima Jan\u010devski &#8211; advokatska pripravnica u Lozani&#8220; title_text=&#8220;Mima Jan\u010devski &#8211; advokatska pripravnica u Lozani&#8220; disabled_on=&#8220;on|on|off&#8220; _builder_version=&#8220;4.27.4&#8243; _module_preset=&#8220;default&#8220; hover_enabled=&#8220;0&#8243; global_colors_info=&#8220;{}&#8220; sticky_enabled=&#8220;0&#8243;][\/et_pb_image][\/et_pb_column][et_pb_column type=&#8220;1_2&#8243; _builder_version=&#8220;4.27.4&#8243; _module_preset=&#8220;default&#8220; global_colors_info=&#8220;{}&#8220;][et_pb_text _builder_version=&#8220;4.27.4&#8243; _module_preset=&#8220;6caedfea-843a-4e56-a387-bf180c1022ec&#8220; header_font=&#8220;&#8211;et_global_heading_font||||||||&#8220; header_text_color=&#8220;#FFFFFF&#8220; header_4_font=&#8220;&#8211;et_global_heading_font||||||||&#8220; header_4_text_color=&#8220;#000000&#8243; header_4_font_size=&#8220;22px&#8220; max_width=&#8220;800px&#8220; custom_margin=&#8220;||20px||false|false&#8220; custom_padding=&#8220;50px||||false|false&#8220; hover_enabled=&#8220;0&#8243; global_colors_info=&#8220;{}&#8220; sticky_enabled=&#8220;0&#8243;]<\/p>\n<h1>Me Mima Jan\u010devski<\/h1>\n<p>[\/et_pb_text][et_pb_divider color=&#8220;#FFFFFF&#8220; divider_weight=&#8220;3px&#8220; disabled_on=&#8220;on|on|off&#8220; _builder_version=&#8220;4.27.4&#8243; max_width=&#8220;50px&#8220; custom_margin=&#8220;-10px||12px||false|false&#8220; custom_padding=&#8220;0px||||false|false&#8220; animation_style=&#8220;fade&#8220; global_colors_info=&#8220;{}&#8220;][\/et_pb_divider][et_pb_text _builder_version=&#8220;4.27.4&#8243; _module_preset=&#8220;6caedfea-843a-4e56-a387-bf180c1022ec&#8220; text_font=&#8220;&#8211;et_global_body_font||||||||&#8220; text_text_color=&#8220;#FFFFFF&#8220; link_text_color=&#8220;#000000&#8243; header_4_font=&#8220;SuisseIntl-Medium||||||||&#8220; header_4_text_color=&#8220;#000000&#8243; header_4_font_size=&#8220;20px&#8220; header_4_line_height=&#8220;1.5em&#8220; header_5_font=&#8220;SuisseIntl-Medium||||||||&#8220; header_5_text_color=&#8220;#FFFFFF&#8220; max_width=&#8220;800px&#8220; custom_margin=&#8220;||20px||false|false&#8220; hover_enabled=&#8220;0&#8243; global_colors_info=&#8220;{}&#8220; sticky_enabled=&#8220;0&#8243;]<\/p>\n<h5>Advokatska pripravnica<\/h5>\n<p>Me Mima Jan\u010devski je stekla master diplomu iz \u0161vajcarskog prava sa usmerenjem na privredno pravo nakon studija na Univerzitetu u \u017denevi.<\/p>\n<p>Nakon toga je radila u poreskom odeljenju jedne Big Four kompanije, gde je savetovala raznovrsne klijente o pitanjima \u0161vajcarskog i me\u0111unarodnog oporezivanja.<\/p>\n<p>Zatim je radila kao sudska zapisni\u010darka pri Mirovnom sudu u Gruy\u00e8reu, a potom osam godina pri Okru\u017enom sudu u Lozani, od \u010dega \u0161est godina kao referentna zapisni\u010darka Porodi\u010dnog odeljenja. Me Jan\u010devski je stekla veoma specifi\u010dnu stru\u010dnost u gra\u0111anskom postupku, posebno u oblasti porodi\u010dnog prava, razvijaju\u0107i human i pragmati\u010dan pristup porodi\u010dnim sporovima.<\/p>\n<p>Kao advokatska pripravnica u kancelariji, koristi svoju svestranost, poznavanje sudskih mehanizama i posve\u0107enost u slu\u017ebi stranaka.<\/p>\n<p>[\/et_pb_text][et_pb_text _builder_version=&#8220;4.27.4&#8243; _module_preset=&#8220;6caedfea-843a-4e56-a387-bf180c1022ec&#8220; text_font=&#8220;&#8211;et_global_body_font||||||||&#8220; text_text_color=&#8220;#FFFFFF&#8220; header_4_font=&#8220;SuisseIntl-Medium||||||||&#8220; header_4_text_color=&#8220;#FFFFFF&#8220; header_4_font_size=&#8220;20px&#8220; header_4_line_height=&#8220;1.5em&#8220; header_6_font=&#8220;SuisseIntl-Medium||||||||&#8220; header_6_text_color=&#8220;#FFFFFF&#8220; header_6_font_size=&#8220;16px&#8220; max_width=&#8220;800px&#8220; custom_margin=&#8220;||20px||false|false&#8220; hover_enabled=&#8220;0&#8243; global_colors_info=&#8220;{}&#8220; sticky_enabled=&#8220;0&#8243;]<\/p>\n<h6>Jezici:<br \/>\n<span><\/span><\/h6>\n<p><span>francuski, engleski, makedonski, srpski<\/span><\/p>\n<p>[\/et_pb_text][\/et_pb_column][\/et_pb_row][\/et_pb_section][et_pb_section fb_built=&#8220;1&#8243; disabled_on=&#8220;off|off|on&#8220; admin_label=&#8220;Header&#8220; _builder_version=&#8220;4.27.4&#8243; _module_preset=&#8220;default&#8220; background_color=&#8220;gcid-primary-color&#8220; custom_padding=&#8220;0px||0px||true|false&#8220; collapsed=&#8220;off&#8220; global_colors_info=&#8220;{%22gcid-primary-color%22:%91%22background_color%22%93}&#8220;][et_pb_row make_equal=&#8220;on&#8220; _builder_version=&#8220;4.27.4&#8243; _module_preset=&#8220;default&#8220; width=&#8220;94%&#8220; width_tablet=&#8220;80%&#8220; width_phone=&#8220;80%&#8220; width_last_edited=&#8220;on|desktop&#8220; max_width=&#8220;2000px&#8220; custom_margin=&#8220;0px|0px|0px||true|false&#8220; custom_margin_tablet=&#8220;|10px||50px|true|false&#8220; custom_margin_phone=&#8220;|0px||0px|true|true&#8220; custom_margin_last_edited=&#8220;on|phone&#8220; custom_padding=&#8220;0px||0px||true|false&#8220; global_colors_info=&#8220;{}&#8220;][et_pb_column type=&#8220;4_4&#8243; _builder_version=&#8220;4.27.4&#8243; _module_preset=&#8220;default&#8220; custom_padding=&#8220;20vh||20vh||false|false&#8220; custom_padding_tablet=&#8220;12vw|10px|||false|false&#8220; custom_padding_phone=&#8220;10vw|0px|5px|40px|false|false&#8220; custom_padding_last_edited=&#8220;on|phone&#8220; global_colors_info=&#8220;{}&#8220;][et_pb_text _builder_version=&#8220;4.27.4&#8243; _module_preset=&#8220;6caedfea-843a-4e56-a387-bf180c1022ec&#8220; header_text_color=&#8220;#FFFFFF&#8220; header_4_font=&#8220;&#8211;et_global_heading_font||||||||&#8220; header_4_text_color=&#8220;#000000&#8243; header_4_font_size=&#8220;22px&#8220; max_width=&#8220;800px&#8220; custom_margin=&#8220;||20px||false|false&#8220; hover_enabled=&#8220;0&#8243; header_font_size_tablet=&#8220;30px&#8220; header_font_size_phone=&#8220;30px&#8220; header_font_size_last_edited=&#8220;on|phone&#8220; global_colors_info=&#8220;{}&#8220; sticky_enabled=&#8220;0&#8243;]<\/p>\n<h1>Me Mima Jan\u010devski<\/h1>\n<p>[\/et_pb_text][\/et_pb_column][\/et_pb_row][\/et_pb_section][et_pb_section fb_built=&#8220;1&#8243; fullwidth=&#8220;on&#8220; _builder_version=&#8220;4.27.4&#8243; _module_preset=&#8220;default&#8220; global_colors_info=&#8220;{}&#8220;][et_pb_fullwidth_image src=&#8220;http:\/\/banic-stamenkovic.ch\/wp-content\/uploads\/2025\/09\/9N1A9712-scaled.jpg&#8220; alt=&#8220;Mima Jan\u010devski &#8211; advokatska pripravnica u Lozani&#8220; title_text=&#8220;Mima Jan\u010devski &#8211; advokatska pripravnica u Lozani&#8220; disabled_on=&#8220;off|off|on&#8220; _builder_version=&#8220;4.27.4&#8243; _module_preset=&#8220;default&#8220; hover_enabled=&#8220;0&#8243; global_colors_info=&#8220;{}&#8220; sticky_enabled=&#8220;0&#8243;][\/et_pb_fullwidth_image][\/et_pb_section][et_pb_section fb_built=&#8220;1&#8243; disabled_on=&#8220;off|off|on&#8220; _builder_version=&#8220;4.27.4&#8243; _module_preset=&#8220;default&#8220; background_color=&#8220;gcid-primary-color&#8220; global_colors_info=&#8220;{%22gcid-primary-color%22:%91%22background_color%22%93}&#8220;][et_pb_row _builder_version=&#8220;4.27.4&#8243; _module_preset=&#8220;default&#8220; global_colors_info=&#8220;{}&#8220;][et_pb_column type=&#8220;4_4&#8243; _builder_version=&#8220;4.27.4&#8243; _module_preset=&#8220;default&#8220; global_colors_info=&#8220;{}&#8220;][et_pb_text _builder_version=&#8220;4.27.4&#8243; _module_preset=&#8220;6caedfea-843a-4e56-a387-bf180c1022ec&#8220; text_font=&#8220;&#8211;et_global_body_font||||||||&#8220; text_text_color=&#8220;#FFFFFF&#8220; header_4_font=&#8220;SuisseIntl-Medium||||||||&#8220; header_4_text_color=&#8220;#FFFFFF&#8220; header_4_font_size=&#8220;20px&#8220; header_4_line_height=&#8220;1.5em&#8220; header_5_font=&#8220;SuisseIntl-Medium||||||||&#8220; header_5_text_color=&#8220;#FFFFFF&#8220; max_width=&#8220;800px&#8220; custom_margin=&#8220;||20px||false|false&#8220; hover_enabled=&#8220;0&#8243; global_colors_info=&#8220;{}&#8220; sticky_enabled=&#8220;0&#8243;]<\/p>\n<h5>Advokatska pripravnica<\/h5>\n<p>Me Mima Jan\u010devski je stekla master diplomu iz \u0161vajcarskog prava sa usmerenjem na privredno pravo nakon studija na Univerzitetu u \u017denevi.<\/p>\n<p>Nakon toga je radila u poreskom odeljenju jedne Big Four kompanije, gde je savetovala raznovrsne klijente o pitanjima \u0161vajcarskog i me\u0111unarodnog oporezivanja.<\/p>\n<p>Zatim je radila kao sudska zapisni\u010darka pri Mirovnom sudu u Gruy\u00e8reu, a potom osam godina pri Okru\u017enom sudu u Lozani, od \u010dega \u0161est godina kao referentna zapisni\u010darka Porodi\u010dnog odeljenja. Me Jan\u010devski je stekla veoma specifi\u010dnu stru\u010dnost u gra\u0111anskom postupku, posebno u oblasti porodi\u010dnog prava, razvijaju\u0107i human i pragmati\u010dan pristup porodi\u010dnim sporovima.<\/p>\n<p>Kao advokatska pripravnica u kancelariji, koristi svoju svestranost, poznavanje sudskih mehanizama i posve\u0107enost u slu\u017ebi stranaka.<\/p>\n<p>[\/et_pb_text][et_pb_text _builder_version=&#8220;4.27.4&#8243; _module_preset=&#8220;6caedfea-843a-4e56-a387-bf180c1022ec&#8220; text_font=&#8220;&#8211;et_global_body_font||||||||&#8220; text_text_color=&#8220;#FFFFFF&#8220; header_4_font=&#8220;SuisseIntl-Medium||||||||&#8220; header_4_text_color=&#8220;#FFFFFF&#8220; header_4_font_size=&#8220;20px&#8220; header_4_line_height=&#8220;1.5em&#8220; header_6_font=&#8220;SuisseIntl-Medium||||||||&#8220; header_6_text_color=&#8220;#FFFFFF&#8220; header_6_font_size=&#8220;16px&#8220; max_width=&#8220;800px&#8220; custom_margin=&#8220;||20px||false|false&#8220; hover_enabled=&#8220;0&#8243; global_colors_info=&#8220;{}&#8220; sticky_enabled=&#8220;0&#8243;]<\/p>\n<h6>Jezici:<br \/><span><\/span><\/h6>\n<p><span>francuski, engleski, makedonski, srpski<\/span><\/p>\n<p>[\/et_pb_text][\/et_pb_column][\/et_pb_row][\/et_pb_section]<\/p>\n","protected":false},"excerpt":{"rendered":"<p>Me Mima Jan\u010devskiAdvokatska pripravnica Me Mima Jan\u010devski je stekla master diplomu iz \u0161vajcarskog prava sa usmerenjem na privredno pravo nakon studija na Univerzitetu u \u017denevi. Nakon toga je radila u poreskom odeljenju jedne Big Four kompanije, gde je savetovala raznovrsne klijente o pitanjima \u0161vajcarskog i me\u0111unarodnog oporezivanja. Zatim je radila kao sudska zapisni\u010darka pri Mirovnom [&hellip;]<\/p>\n","protected":false},"author":1,"featured_media":1266,"parent":0,"menu_order":0,"comment_status":"closed","ping_status":"closed","template":"","meta":{"_et_pb_use_builder":"on","_et_pb_old_content":"","_et_gb_content_width":"","footnotes":""},"class_list":["post-1267","page","type-page","status-publish","has-post-thumbnail","hentry"],"yoast_head":"<!-- This site is optimized with the Yoast SEO plugin v27.2 - https:\/\/yoast.com\/product\/yoast-seo-wordpress\/ -->\n<title>Mima Jan\u010devski - Banic Stamenkovic Avocats<\/title>\n<meta name=\"description\" content=\"Advokatska pripravnica u kancelariji Banic Stamenkovic. Iskustvo u gra\u0111anskom postupku i porodi\u010dnom pravu, ranije sudska zapisni\u010darka pri Okru\u017enom sudu u Lozani.\" \/>\n<meta name=\"robots\" content=\"index, follow, max-snippet:-1, max-image-preview:large, max-video-preview:-1\" \/>\n<link rel=\"canonical\" href=\"https:\/\/banic-stamenkovic.ch\/sr\/mima-jancevski\/\" \/>\n<meta property=\"og:locale\" content=\"sr_RS\" \/>\n<meta property=\"og:type\" content=\"article\" \/>\n<meta property=\"og:title\" content=\"Mima Jan\u010devski - Banic Stamenkovic Avocats\" \/>\n<meta property=\"og:description\" content=\"Advokatska pripravnica u kancelariji Banic Stamenkovic. Iskustvo u gra\u0111anskom postupku i porodi\u010dnom pravu, ranije sudska zapisni\u010darka pri Okru\u017enom sudu u Lozani.\" \/>\n<meta property=\"og:url\" content=\"https:\/\/banic-stamenkovic.ch\/sr\/mima-jancevski\/\" \/>\n<meta property=\"og:site_name\" content=\"Banic Stamenkovic Avocats\" \/>\n<meta property=\"article:modified_time\" content=\"2026-03-27T08:50:28+00:00\" \/>\n<meta property=\"og:image\" content=\"https:\/\/banic-stamenkovic.ch\/wp-content\/uploads\/2025\/09\/9N1A9712-scaled.jpg\" \/>\n\t<meta property=\"og:image:width\" content=\"1707\" \/>\n\t<meta property=\"og:image:height\" content=\"2560\" \/>\n\t<meta property=\"og:image:type\" content=\"image\/jpeg\" \/>\n<meta name=\"twitter:card\" content=\"summary_large_image\" \/>\n<meta name=\"twitter:label1\" content=\"\u041f\u0440\u043e\u0446\u0435\u045a\u0435\u043d\u043e \u0432\u0440\u0435\u043c\u0435 \u0447\u0438\u0442\u0430\u045a\u0430\" \/>\n\t<meta name=\"twitter:data1\" content=\"6 \u043c\u0438\u043d\u0443\u0442\u0430\" \/>\n<script type=\"application\/ld+json\" class=\"yoast-schema-graph\">{\"@context\":\"https:\/\/schema.org\",\"@graph\":[{\"@type\":\"WebPage\",\"@id\":\"https:\/\/banic-stamenkovic.ch\/sr\/mima-jancevski\/\",\"url\":\"https:\/\/banic-stamenkovic.ch\/sr\/mima-jancevski\/\",\"name\":\"Mima Jan\u010devski - Banic Stamenkovic Avocats\",\"isPartOf\":{\"@id\":\"https:\/\/banic-stamenkovic.ch\/sr\/#website\"},\"primaryImageOfPage\":{\"@id\":\"https:\/\/banic-stamenkovic.ch\/sr\/mima-jancevski\/#primaryimage\"},\"image\":{\"@id\":\"https:\/\/banic-stamenkovic.ch\/sr\/mima-jancevski\/#primaryimage\"},\"thumbnailUrl\":\"https:\/\/banic-stamenkovic.ch\/wp-content\/uploads\/2025\/09\/9N1A9712-scaled.jpg\",\"datePublished\":\"2025-07-16T10:13:21+00:00\",\"dateModified\":\"2026-03-27T08:50:28+00:00\",\"description\":\"Advokatska pripravnica u kancelariji Banic Stamenkovic. Iskustvo u gra\u0111anskom postupku i porodi\u010dnom pravu, ranije sudska zapisni\u010darka pri Okru\u017enom sudu u Lozani.\",\"breadcrumb\":{\"@id\":\"https:\/\/banic-stamenkovic.ch\/sr\/mima-jancevski\/#breadcrumb\"},\"inLanguage\":\"sr-RS\",\"potentialAction\":[{\"@type\":\"ReadAction\",\"target\":[\"https:\/\/banic-stamenkovic.ch\/sr\/mima-jancevski\/\"]}]},{\"@type\":\"ImageObject\",\"inLanguage\":\"sr-RS\",\"@id\":\"https:\/\/banic-stamenkovic.ch\/sr\/mima-jancevski\/#primaryimage\",\"url\":\"https:\/\/banic-stamenkovic.ch\/wp-content\/uploads\/2025\/09\/9N1A9712-scaled.jpg\",\"contentUrl\":\"https:\/\/banic-stamenkovic.ch\/wp-content\/uploads\/2025\/09\/9N1A9712-scaled.jpg\",\"width\":1707,\"height\":2560,\"caption\":\"Mima Jan\u010devski - advokatska pripravnica u Lozani\"},{\"@type\":\"BreadcrumbList\",\"@id\":\"https:\/\/banic-stamenkovic.ch\/sr\/mima-jancevski\/#breadcrumb\",\"itemListElement\":[{\"@type\":\"ListItem\",\"position\":1,\"name\":\"Accueil\",\"item\":\"https:\/\/banic-stamenkovic.ch\/sr\/\"},{\"@type\":\"ListItem\",\"position\":2,\"name\":\"Mima Jan\u010devski\"}]},{\"@type\":\"WebSite\",\"@id\":\"https:\/\/banic-stamenkovic.ch\/sr\/#website\",\"url\":\"https:\/\/banic-stamenkovic.ch\/sr\/\",\"name\":\"Banic Stamenkovic Avocats\",\"description\":\"Lausanne\",\"potentialAction\":[{\"@type\":\"SearchAction\",\"target\":{\"@type\":\"EntryPoint\",\"urlTemplate\":\"https:\/\/banic-stamenkovic.ch\/sr\/?s={search_term_string}\"},\"query-input\":{\"@type\":\"PropertyValueSpecification\",\"valueRequired\":true,\"valueName\":\"search_term_string\"}}],\"inLanguage\":\"sr-RS\"}]}<\/script>\n<!-- \/ Yoast SEO plugin. -->","yoast_head_json":{"title":"Mima Jan\u010devski - Banic Stamenkovic Avocats","description":"Advokatska pripravnica u kancelariji Banic Stamenkovic. Iskustvo u gra\u0111anskom postupku i porodi\u010dnom pravu, ranije sudska zapisni\u010darka pri Okru\u017enom sudu u Lozani.","robots":{"index":"index","follow":"follow","max-snippet":"max-snippet:-1","max-image-preview":"max-image-preview:large","max-video-preview":"max-video-preview:-1"},"canonical":"https:\/\/banic-stamenkovic.ch\/sr\/mima-jancevski\/","og_locale":"sr_RS","og_type":"article","og_title":"Mima Jan\u010devski - Banic Stamenkovic Avocats","og_description":"Advokatska pripravnica u kancelariji Banic Stamenkovic. Iskustvo u gra\u0111anskom postupku i porodi\u010dnom pravu, ranije sudska zapisni\u010darka pri Okru\u017enom sudu u Lozani.","og_url":"https:\/\/banic-stamenkovic.ch\/sr\/mima-jancevski\/","og_site_name":"Banic Stamenkovic Avocats","article_modified_time":"2026-03-27T08:50:28+00:00","og_image":[{"width":1707,"height":2560,"url":"https:\/\/banic-stamenkovic.ch\/wp-content\/uploads\/2025\/09\/9N1A9712-scaled.jpg","type":"image\/jpeg"}],"twitter_card":"summary_large_image","twitter_misc":{"\u041f\u0440\u043e\u0446\u0435\u045a\u0435\u043d\u043e \u0432\u0440\u0435\u043c\u0435 \u0447\u0438\u0442\u0430\u045a\u0430":"6 \u043c\u0438\u043d\u0443\u0442\u0430"},"schema":{"@context":"https:\/\/schema.org","@graph":[{"@type":"WebPage","@id":"https:\/\/banic-stamenkovic.ch\/sr\/mima-jancevski\/","url":"https:\/\/banic-stamenkovic.ch\/sr\/mima-jancevski\/","name":"Mima Jan\u010devski - Banic Stamenkovic Avocats","isPartOf":{"@id":"https:\/\/banic-stamenkovic.ch\/sr\/#website"},"primaryImageOfPage":{"@id":"https:\/\/banic-stamenkovic.ch\/sr\/mima-jancevski\/#primaryimage"},"image":{"@id":"https:\/\/banic-stamenkovic.ch\/sr\/mima-jancevski\/#primaryimage"},"thumbnailUrl":"https:\/\/banic-stamenkovic.ch\/wp-content\/uploads\/2025\/09\/9N1A9712-scaled.jpg","datePublished":"2025-07-16T10:13:21+00:00","dateModified":"2026-03-27T08:50:28+00:00","description":"Advokatska pripravnica u kancelariji Banic Stamenkovic. Iskustvo u gra\u0111anskom postupku i porodi\u010dnom pravu, ranije sudska zapisni\u010darka pri Okru\u017enom sudu u Lozani.","breadcrumb":{"@id":"https:\/\/banic-stamenkovic.ch\/sr\/mima-jancevski\/#breadcrumb"},"inLanguage":"sr-RS","potentialAction":[{"@type":"ReadAction","target":["https:\/\/banic-stamenkovic.ch\/sr\/mima-jancevski\/"]}]},{"@type":"ImageObject","inLanguage":"sr-RS","@id":"https:\/\/banic-stamenkovic.ch\/sr\/mima-jancevski\/#primaryimage","url":"https:\/\/banic-stamenkovic.ch\/wp-content\/uploads\/2025\/09\/9N1A9712-scaled.jpg","contentUrl":"https:\/\/banic-stamenkovic.ch\/wp-content\/uploads\/2025\/09\/9N1A9712-scaled.jpg","width":1707,"height":2560,"caption":"Mima Jan\u010devski - advokatska pripravnica u Lozani"},{"@type":"BreadcrumbList","@id":"https:\/\/banic-stamenkovic.ch\/sr\/mima-jancevski\/#breadcrumb","itemListElement":[{"@type":"ListItem","position":1,"name":"Accueil","item":"https:\/\/banic-stamenkovic.ch\/sr\/"},{"@type":"ListItem","position":2,"name":"Mima Jan\u010devski"}]},{"@type":"WebSite","@id":"https:\/\/banic-stamenkovic.ch\/sr\/#website","url":"https:\/\/banic-stamenkovic.ch\/sr\/","name":"Banic Stamenkovic Avocats","description":"Lausanne","potentialAction":[{"@type":"SearchAction","target":{"@type":"EntryPoint","urlTemplate":"https:\/\/banic-stamenkovic.ch\/sr\/?s={search_term_string}"},"query-input":{"@type":"PropertyValueSpecification","valueRequired":true,"valueName":"search_term_string"}}],"inLanguage":"sr-RS"}]}},"_links":{"self":[{"href":"https:\/\/banic-stamenkovic.ch\/sr\/wp-json\/wp\/v2\/pages\/1267","targetHints":{"allow":["GET"]}}],"collection":[{"href":"https:\/\/banic-stamenkovic.ch\/sr\/wp-json\/wp\/v2\/pages"}],"about":[{"href":"https:\/\/banic-stamenkovic.ch\/sr\/wp-json\/wp\/v2\/types\/page"}],"author":[{"embeddable":true,"href":"https:\/\/banic-stamenkovic.ch\/sr\/wp-json\/wp\/v2\/users\/1"}],"replies":[{"embeddable":true,"href":"https:\/\/banic-stamenkovic.ch\/sr\/wp-json\/wp\/v2\/comments?post=1267"}],"version-history":[{"count":6,"href":"https:\/\/banic-stamenkovic.ch\/sr\/wp-json\/wp\/v2\/pages\/1267\/revisions"}],"predecessor-version":[{"id":1944,"href":"https:\/\/banic-stamenkovic.ch\/sr\/wp-json\/wp\/v2\/pages\/1267\/revisions\/1944"}],"wp:featuredmedia":[{"embeddable":true,"href":"https:\/\/banic-stamenkovic.ch\/sr\/wp-json\/wp\/v2\/media\/1266"}],"wp:attachment":[{"href":"https:\/\/banic-stamenkovic.ch\/sr\/wp-json\/wp\/v2\/media?parent=1267"}],"curies":[{"name":"wp","href":"https:\/\/api.w.org\/{rel}","templated":true}]}}