{"id":1401,"date":"2025-07-16T10:06:15","date_gmt":"2025-07-16T10:06:15","guid":{"rendered":"http:\/\/banic-stamenkovic.ch\/pravo-na-gra%c7%b5anska-odgovornost\/"},"modified":"2026-03-27T08:48:13","modified_gmt":"2026-03-27T08:48:13","slug":"pravo-na-gra%c7%b5anska-odgovornost","status":"publish","type":"page","link":"https:\/\/banic-stamenkovic.ch\/mk\/pravo-na-gra%c7%b5anska-odgovornost\/","title":{"rendered":"Pravo na gra\u01f5anska odgovornost"},"content":{"rendered":"<p>[et_pb_section fb_built=&#8221;1&#8243; admin_label=&#8221;Header&#8221; _builder_version=&#8221;4.27.4&#8243; _module_preset=&#8221;default&#8221; background_color=&#8221;gcid-70184d90-89dc-4d37-8a72-67bb78c7369e&#8221; background_color_gradient_direction=&#8221;90deg&#8221; overflow-x=&#8221;hidden&#8221; overflow-y=&#8221;hidden&#8221; custom_margin=&#8221;||0px||false|false&#8221; custom_padding=&#8221;0px||0px||false|false&#8221; global_colors_info=&#8221;{%22gcid-69e972fe-da24-4a3a-ae69-014a9d9ad22b%22:%91%22colorStart%22%93,%22gcid-70184d90-89dc-4d37-8a72-67bb78c7369e%22:%91%22background_color%22%93}&#8221;][et_pb_row column_structure=&#8221;3_5,2_5&#8243; use_custom_gutter=&#8221;on&#8221; gutter_width=&#8221;1&#8243; _builder_version=&#8221;4.16&#8243; _module_preset=&#8221;default&#8221; custom_padding=&#8221;0px||0px||true|false&#8221; global_colors_info=&#8221;{}&#8221;][et_pb_column type=&#8221;3_5&#8243; _builder_version=&#8221;4.16&#8243; _module_preset=&#8221;default&#8221; custom_padding=&#8221;100px|60px|200px||false|false&#8221; custom_padding_tablet=&#8221;60px|0px|60px||true|false&#8221; custom_padding_phone=&#8221;40px||40px||true|false&#8221; custom_padding_last_edited=&#8221;on|phone&#8221; global_colors_info=&#8221;{}&#8221;][et_pb_text _builder_version=&#8221;4.27.4&#8243; _module_preset=&#8221;6caedfea-843a-4e56-a387-bf180c1022ec&#8221; header_font=&#8221;&#8211;et_global_heading_font||||||||&#8221; header_4_font=&#8221;&#8211;et_global_heading_font||||||||&#8221; header_4_text_color=&#8221;#000000&#8243; header_4_font_size=&#8221;22px&#8221; max_width=&#8221;800px&#8221; custom_margin=&#8221;||20px||false|false&#8221; custom_padding=&#8221;30px||||false|false&#8221; global_colors_info=&#8221;{}&#8221;]<\/p>\n<h1>Pravo na gra\u01f5anska odgovornost<\/h1>\n<p>[\/et_pb_text][et_pb_divider color=&#8221;gcid-heading-color&#8221; divider_weight=&#8221;3px&#8221; disabled_on=&#8221;on|on|off&#8221; _builder_version=&#8221;4.27.4&#8243; max_width=&#8221;50px&#8221; custom_margin=&#8221;-10px||12px||false|false&#8221; custom_padding=&#8221;0px||||false|false&#8221; animation_style=&#8221;fade&#8221; global_colors_info=&#8221;{%22gcid-heading-color%22:%91%22color%22%93}&#8221;][\/et_pb_divider][et_pb_text _builder_version=&#8221;4.27.4&#8243; _module_preset=&#8221;6caedfea-843a-4e56-a387-bf180c1022ec&#8221; text_font=&#8221;&#8211;et_global_body_font||||||||&#8221; link_text_color=&#8221;#000000&#8243; header_4_font=&#8221;SuisseIntl-Medium||||||||&#8221; header_4_text_color=&#8221;#000000&#8243; header_4_font_size=&#8221;20px&#8221; header_4_line_height=&#8221;1.5em&#8221; header_5_font=&#8221;SuisseIntl-Medium||||||||&#8221; max_width=&#8221;800px&#8221; custom_margin=&#8221;||||false|false&#8221; global_colors_info=&#8221;{}&#8221;]<\/p>\n<div><span>Pravoto na gra\u01f5anska odgovornost ovozmo\u017euva da se bara obe\u0161tetuvanje koga \u0161tetata e prouzrokovana od treto lice.<br \/>Intervenirame vo slu\u010dai na soobra\u1e31ajni nesre\u1e31i, telesni povredi, medicinski propusti, moralna \u0161teta i site pra\u0161anja povrzani so presmetka i naplata na nadomest.<br \/>Na\u0161ata kancelarija ve pridru\u017euva i vo pregovori so osiguriteli i vo sudski postapki za da se obezbedi celosna i pravi\u010dna kompenzacija.<\/span><\/div>\n<div><span><br \/>Intervenirame vo slu\u010dai na soobra\u1e31ajni nesre\u1e31i, telesni povredi, medicinski propusti, moralna \u0161teta i site pra\u0161anja povrzani so presmetka i naplata na nadomest.<\/span><\/div>\n<div><span><br \/>Na\u0161ata kancelarija ve pridru\u017euva i vo pregovori so osiguriteli i vo sudski postapki za da se obezbedi celosna i pravi\u010dna kompenzacija.<\/span><\/div>\n<div><span><br \/>Advokat Stamenkovic, FSA specijalist za gra\u0111anska odgovornost, gi stava svoite visoko stru\u010dni ve\u0161tini na va\u0161a usluga.<\/span><\/div>\n<div><\/div>\n<p>[\/et_pb_text][\/et_pb_column][et_pb_column type=&#8221;2_5&#8243; _builder_version=&#8221;4.16&#8243; _module_preset=&#8221;default&#8221; global_colors_info=&#8221;{}&#8221;][et_pb_image src=&#8221;http:\/\/banic-stamenkovic.ch\/wp-content\/uploads\/2025\/07\/9N1A9773-scaled-e1761833463768.jpg&#8221; title_text=&#8221;Pravo na gra\u01f5anska odgovornost&#8221; disabled_on=&#8221;on|on|off&#8221; _builder_version=&#8221;4.27.4&#8243; _module_preset=&#8221;default&#8221; custom_margin=&#8221;|-75%|0px||false|false&#8221; custom_margin_tablet=&#8221;|0%|||false|false&#8221; custom_margin_phone=&#8221;&#8221; custom_margin_last_edited=&#8221;on|tablet&#8221; custom_padding=&#8221;||0px||false|false&#8221; locked=&#8221;off&#8221; global_colors_info=&#8221;{}&#8221;][\/et_pb_image][\/et_pb_column][\/et_pb_row][\/et_pb_section][et_pb_section fb_built=&#8221;1&#8243; fullwidth=&#8221;on&#8221; _builder_version=&#8221;4.27.4&#8243; _module_preset=&#8221;default&#8221; global_colors_info=&#8221;{}&#8221;][et_pb_fullwidth_image src=&#8221;http:\/\/banic-stamenkovic.ch\/wp-content\/uploads\/2025\/07\/9N1A9773-scaled-e1761829247342.jpg&#8221; title_text=&#8221;Pravo na gra\u01f5anska odgovornost&#8221; disabled_on=&#8221;off|off|on&#8221; _builder_version=&#8221;4.27.4&#8243; _module_preset=&#8221;default&#8221; global_colors_info=&#8221;{}&#8221;][\/et_pb_fullwidth_image][\/et_pb_section][et_pb_section fb_built=&#8221;1&#8243; admin_label=&#8221;Features&#8221; _builder_version=&#8221;4.27.4&#8243; background_color=&#8221;gcid-heading-color&#8221; custom_padding=&#8221;70px||110px|||&#8221; collapsed=&#8221;off&#8221; global_colors_info=&#8221;{%22gcid-heading-color%22:%91%22background_color%22%93}&#8221;][et_pb_row _builder_version=&#8221;4.27.4&#8243; _module_preset=&#8221;default&#8221; global_colors_info=&#8221;{}&#8221;][et_pb_column type=&#8221;4_4&#8243; _builder_version=&#8221;4.27.4&#8243; _module_preset=&#8221;default&#8221; global_colors_info=&#8221;{}&#8221;][et_pb_text _builder_version=&#8221;4.27.4&#8243; _module_preset=&#8221;default&#8221; header_text_color=&#8221;#FFFFFF&#8221; global_colors_info=&#8221;{}&#8221;]<\/p>\n<h1>Na\u0161i advokati specijalizovani za<\/h1>\n<p>[\/et_pb_text][\/et_pb_column][\/et_pb_row][et_pb_row column_structure=&#8221;1_4,1_4,1_4,1_4&#8243; _builder_version=&#8221;4.27.4&#8243; collapsed=&#8221;off&#8221; global_colors_info=&#8221;{}&#8221;][et_pb_column type=&#8221;1_4&#8243; _builder_version=&#8221;4.16&#8243; custom_padding=&#8221;|||&#8221; global_colors_info=&#8221;{}&#8221; custom_padding__hover=&#8221;|||&#8221;][et_pb_text admin_label=&#8221;Number&#8221; _builder_version=&#8221;4.27.4&#8243; text_font=&#8221;&#8211;et_global_body_font||||||||&#8221; link_text_color=&#8221;#000000&#8243; header_2_text_color=&#8221;#FFFFFF&#8221; custom_margin=&#8221;||15px||false|false&#8221; link_option_url=&#8221;http:\/\/banic-stamenkovic.ch\/radivoje-stamenkovic\/&#8221; global_colors_info=&#8221;{%22gcid-heading-color%22:%91%22header_2_text_color%22%93}&#8221;]<\/p>\n<h2>Radivoje Stamenkovic<\/h2>\n<p>[\/et_pb_text][et_pb_divider color=&#8221;#FFFFFF&#8221; divider_weight=&#8221;2px&#8221; disabled_on=&#8221;off|off|off&#8221; _builder_version=&#8221;4.27.4&#8243; background_color=&#8221;RGBA(255,255,255,0)&#8221; max_width=&#8221;50px&#8221; custom_margin=&#8221;-10px||12px||false|false&#8221; custom_padding=&#8221;0px||||false|false&#8221; animation_style=&#8221;fade&#8221; global_colors_info=&#8221;{%22gcid-heading-color%22:%91%22color%22%93}&#8221;][\/et_pb_divider][et_pb_button button_url=&#8221;http:\/\/banic-stamenkovic.ch\/radivoje-stamenkovic\/&#8221; button_text=&#8221;advokat, partner&#8221; _builder_version=&#8221;4.27.4&#8243; _module_preset=&#8221;default&#8221; custom_button=&#8221;on&#8221; button_text_size=&#8221;18px&#8221; button_text_color=&#8221;#FFFFFF&#8221; button_border_width=&#8221;0px&#8221; button_font=&#8221;SuisseIntl-Medium||||||||&#8221; button_icon=&#8221;&#x24;||divi||400&#8243; button_on_hover=&#8221;off&#8221; custom_margin=&#8221;-20px||||false|false&#8221; custom_margin_tablet=&#8221;-20px||||false|false&#8221; custom_margin_phone=&#8221;-20px||||false|false&#8221; custom_margin_last_edited=&#8221;on|desktop&#8221; custom_padding=&#8221;0px|10px||0px|false|false&#8221; hover_enabled=&#8221;0&#8243; button_bg_color_tablet=&#8221;&#8221; button_bg_color_phone=&#8221;&#8221; button_bg_color_last_edited=&#8221;on|phone&#8221; global_colors_info=&#8221;{}&#8221; button_bg_color__hover_enabled=&#8221;on|desktop&#8221; sticky_enabled=&#8221;0&#8243; button_bg_enable_color_tablet=&#8221;off&#8221;][\/et_pb_button][\/et_pb_column][et_pb_column type=&#8221;1_4&#8243; _builder_version=&#8221;4.16&#8243; custom_padding=&#8221;|||&#8221; global_colors_info=&#8221;{}&#8221; custom_padding__hover=&#8221;|||&#8221;][et_pb_text admin_label=&#8221;Number&#8221; _builder_version=&#8221;4.27.4&#8243; text_font=&#8221;&#8211;et_global_body_font||||||||&#8221; link_text_color=&#8221;#000000&#8243; header_2_text_color=&#8221;#FFFFFF&#8221; custom_margin=&#8221;||15px||false|false&#8221; link_option_url=&#8221;http:\/\/banic-stamenkovic.ch\/mk\/biljana-trajkovska\/&#8221; global_colors_info=&#8221;{%22gcid-heading-color%22:%91%22header_2_text_color%22%93}&#8221;]<\/p>\n<h2>Biljana Trajkovska<\/h2>\n<p>[\/et_pb_text][et_pb_divider color=&#8221;#FFFFFF&#8221; divider_weight=&#8221;2px&#8221; disabled_on=&#8221;off|off|off&#8221; _builder_version=&#8221;4.27.4&#8243; background_color=&#8221;RGBA(255,255,255,0)&#8221; max_width=&#8221;50px&#8221; custom_margin=&#8221;-10px||12px||false|false&#8221; custom_padding=&#8221;0px||||false|false&#8221; animation_style=&#8221;fade&#8221; global_colors_info=&#8221;{%22gcid-heading-color%22:%91%22color%22%93}&#8221;][\/et_pb_divider][et_pb_button button_url=&#8221;http:\/\/banic-stamenkovic.ch\/mk\/biljana-trajkovska\/&#8221; button_text=&#8221;advokatka, sorabotni\u010dka&#8221; _builder_version=&#8221;4.27.4&#8243; _module_preset=&#8221;default&#8221; custom_button=&#8221;on&#8221; button_text_size=&#8221;18px&#8221; button_text_color=&#8221;#FFFFFF&#8221; button_border_width=&#8221;0px&#8221; button_font=&#8221;SuisseIntl-Medium||||||||&#8221; button_icon=&#8221;&#x24;||divi||400&#8243; button_on_hover=&#8221;off&#8221; custom_margin=&#8221;-20px||||false|false&#8221; custom_margin_tablet=&#8221;-20px||||false|false&#8221; custom_margin_phone=&#8221;-20px||||false|false&#8221; custom_margin_last_edited=&#8221;on|desktop&#8221; custom_padding=&#8221;0px|10px||0px|false|false&#8221; hover_enabled=&#8221;0&#8243; button_bg_color_tablet=&#8221;&#8221; button_bg_color_phone=&#8221;&#8221; button_bg_color_last_edited=&#8221;on|phone&#8221; global_colors_info=&#8221;{}&#8221; button_bg_color__hover_enabled=&#8221;on|desktop&#8221; button_bg_color__hover=&#8221;RGBA(255,255,255,0)&#8221; sticky_enabled=&#8221;0&#8243; button_bg_enable_color_tablet=&#8221;off&#8221;][\/et_pb_button][\/et_pb_column][et_pb_column type=&#8221;1_4&#8243; _builder_version=&#8221;4.16&#8243; custom_padding=&#8221;|||&#8221; global_colors_info=&#8221;{}&#8221; custom_padding__hover=&#8221;|||&#8221;][\/et_pb_column][et_pb_column type=&#8221;1_4&#8243; _builder_version=&#8221;4.16&#8243; custom_padding=&#8221;|||&#8221; global_colors_info=&#8221;{}&#8221; custom_padding__hover=&#8221;|||&#8221;][\/et_pb_column][\/et_pb_row][\/et_pb_section]<\/p>\n","protected":false},"excerpt":{"rendered":"<p>Pravo na gra\u01f5anska odgovornostPravoto na gra\u01f5anska odgovornost ovozmo\u017euva da se bara obe\u0161tetuvanje koga \u0161tetata e prouzrokovana od treto lice.Intervenirame vo slu\u010dai na soobra\u1e31ajni nesre\u1e31i, telesni povredi, medicinski propusti, moralna \u0161teta i site pra\u0161anja povrzani so presmetka i naplata na nadomest.Na\u0161ata kancelarija ve pridru\u017euva i vo pregovori so osiguriteli i vo sudski postapki za da se [&hellip;]<\/p>\n","protected":false},"author":1,"featured_media":0,"parent":0,"menu_order":0,"comment_status":"closed","ping_status":"closed","template":"","meta":{"_et_pb_use_builder":"on","_et_pb_old_content":"","_et_gb_content_width":"","footnotes":""},"class_list":["post-1401","page","type-page","status-publish","hentry"],"yoast_head":"<!-- This site is optimized with the Yoast SEO plugin v27.2 - https:\/\/yoast.com\/product\/yoast-seo-wordpress\/ -->\n<title>Pravo na gra\u01f5anska odgovornost - Banic Stamenkovic Avocats<\/title>\n<meta name=\"description\" content=\"Nesre\u1e31a, medicinska gre\u0161ka, telesna povreda? Na\u0161ite advokati vo Lozana ve zastapuvaat za da dobiete celosno obe\u0161tetuvanje.\" \/>\n<meta name=\"robots\" content=\"index, follow, max-snippet:-1, max-image-preview:large, max-video-preview:-1\" \/>\n<link rel=\"canonical\" href=\"https:\/\/banic-stamenkovic.ch\/mk\/pravo-na-gra%c7%b5anska-odgovornost\/\" \/>\n<meta property=\"og:locale\" content=\"mk_MK\" \/>\n<meta property=\"og:type\" content=\"article\" \/>\n<meta property=\"og:title\" content=\"Pravo na gra\u01f5anska odgovornost - Banic Stamenkovic Avocats\" \/>\n<meta property=\"og:description\" content=\"Nesre\u1e31a, medicinska gre\u0161ka, telesna povreda? Na\u0161ite advokati vo Lozana ve zastapuvaat za da dobiete celosno obe\u0161tetuvanje.\" \/>\n<meta property=\"og:url\" content=\"https:\/\/banic-stamenkovic.ch\/mk\/pravo-na-gra%c7%b5anska-odgovornost\/\" \/>\n<meta property=\"og:site_name\" content=\"Banic Stamenkovic Avocats\" \/>\n<meta property=\"article:modified_time\" content=\"2026-03-27T08:48:13+00:00\" \/>\n<meta name=\"twitter:card\" content=\"summary_large_image\" \/>\n<meta name=\"twitter:label1\" content=\"Est. reading time\" \/>\n\t<meta name=\"twitter:data1\" content=\"6 \u043c\u0438\u043d\u0443\u0442\u0438\" \/>\n<script type=\"application\/ld+json\" class=\"yoast-schema-graph\">{\"@context\":\"https:\/\/schema.org\",\"@graph\":[{\"@type\":\"WebPage\",\"@id\":\"https:\/\/banic-stamenkovic.ch\/mk\/pravo-na-gra%c7%b5anska-odgovornost\/\",\"url\":\"https:\/\/banic-stamenkovic.ch\/mk\/pravo-na-gra%c7%b5anska-odgovornost\/\",\"name\":\"Pravo na gra\u01f5anska odgovornost - Banic Stamenkovic Avocats\",\"isPartOf\":{\"@id\":\"https:\/\/banic-stamenkovic.ch\/mk\/#website\"},\"datePublished\":\"2025-07-16T10:06:15+00:00\",\"dateModified\":\"2026-03-27T08:48:13+00:00\",\"description\":\"Nesre\u1e31a, medicinska gre\u0161ka, telesna povreda? Na\u0161ite advokati vo Lozana ve zastapuvaat za da dobiete celosno obe\u0161tetuvanje.\",\"breadcrumb\":{\"@id\":\"https:\/\/banic-stamenkovic.ch\/mk\/pravo-na-gra%c7%b5anska-odgovornost\/#breadcrumb\"},\"inLanguage\":\"mk-MK\",\"potentialAction\":[{\"@type\":\"ReadAction\",\"target\":[\"https:\/\/banic-stamenkovic.ch\/mk\/pravo-na-gra%c7%b5anska-odgovornost\/\"]}]},{\"@type\":\"BreadcrumbList\",\"@id\":\"https:\/\/banic-stamenkovic.ch\/mk\/pravo-na-gra%c7%b5anska-odgovornost\/#breadcrumb\",\"itemListElement\":[{\"@type\":\"ListItem\",\"position\":1,\"name\":\"Accueil\",\"item\":\"https:\/\/banic-stamenkovic.ch\/mk\/\"},{\"@type\":\"ListItem\",\"position\":2,\"name\":\"Pravo na gra\u01f5anska odgovornost\"}]},{\"@type\":\"WebSite\",\"@id\":\"https:\/\/banic-stamenkovic.ch\/mk\/#website\",\"url\":\"https:\/\/banic-stamenkovic.ch\/mk\/\",\"name\":\"Banic Stamenkovic Avocats\",\"description\":\"Lausanne\",\"potentialAction\":[{\"@type\":\"SearchAction\",\"target\":{\"@type\":\"EntryPoint\",\"urlTemplate\":\"https:\/\/banic-stamenkovic.ch\/mk\/?s={search_term_string}\"},\"query-input\":{\"@type\":\"PropertyValueSpecification\",\"valueRequired\":true,\"valueName\":\"search_term_string\"}}],\"inLanguage\":\"mk-MK\"}]}<\/script>\n<!-- \/ Yoast SEO plugin. -->","yoast_head_json":{"title":"Pravo na gra\u01f5anska odgovornost - Banic Stamenkovic Avocats","description":"Nesre\u1e31a, medicinska gre\u0161ka, telesna povreda? Na\u0161ite advokati vo Lozana ve zastapuvaat za da dobiete celosno obe\u0161tetuvanje.","robots":{"index":"index","follow":"follow","max-snippet":"max-snippet:-1","max-image-preview":"max-image-preview:large","max-video-preview":"max-video-preview:-1"},"canonical":"https:\/\/banic-stamenkovic.ch\/mk\/pravo-na-gra%c7%b5anska-odgovornost\/","og_locale":"mk_MK","og_type":"article","og_title":"Pravo na gra\u01f5anska odgovornost - Banic Stamenkovic Avocats","og_description":"Nesre\u1e31a, medicinska gre\u0161ka, telesna povreda? Na\u0161ite advokati vo Lozana ve zastapuvaat za da dobiete celosno obe\u0161tetuvanje.","og_url":"https:\/\/banic-stamenkovic.ch\/mk\/pravo-na-gra%c7%b5anska-odgovornost\/","og_site_name":"Banic Stamenkovic Avocats","article_modified_time":"2026-03-27T08:48:13+00:00","twitter_card":"summary_large_image","twitter_misc":{"Est. reading time":"6 \u043c\u0438\u043d\u0443\u0442\u0438"},"schema":{"@context":"https:\/\/schema.org","@graph":[{"@type":"WebPage","@id":"https:\/\/banic-stamenkovic.ch\/mk\/pravo-na-gra%c7%b5anska-odgovornost\/","url":"https:\/\/banic-stamenkovic.ch\/mk\/pravo-na-gra%c7%b5anska-odgovornost\/","name":"Pravo na gra\u01f5anska odgovornost - Banic Stamenkovic Avocats","isPartOf":{"@id":"https:\/\/banic-stamenkovic.ch\/mk\/#website"},"datePublished":"2025-07-16T10:06:15+00:00","dateModified":"2026-03-27T08:48:13+00:00","description":"Nesre\u1e31a, medicinska gre\u0161ka, telesna povreda? Na\u0161ite advokati vo Lozana ve zastapuvaat za da dobiete celosno obe\u0161tetuvanje.","breadcrumb":{"@id":"https:\/\/banic-stamenkovic.ch\/mk\/pravo-na-gra%c7%b5anska-odgovornost\/#breadcrumb"},"inLanguage":"mk-MK","potentialAction":[{"@type":"ReadAction","target":["https:\/\/banic-stamenkovic.ch\/mk\/pravo-na-gra%c7%b5anska-odgovornost\/"]}]},{"@type":"BreadcrumbList","@id":"https:\/\/banic-stamenkovic.ch\/mk\/pravo-na-gra%c7%b5anska-odgovornost\/#breadcrumb","itemListElement":[{"@type":"ListItem","position":1,"name":"Accueil","item":"https:\/\/banic-stamenkovic.ch\/mk\/"},{"@type":"ListItem","position":2,"name":"Pravo na gra\u01f5anska odgovornost"}]},{"@type":"WebSite","@id":"https:\/\/banic-stamenkovic.ch\/mk\/#website","url":"https:\/\/banic-stamenkovic.ch\/mk\/","name":"Banic Stamenkovic Avocats","description":"Lausanne","potentialAction":[{"@type":"SearchAction","target":{"@type":"EntryPoint","urlTemplate":"https:\/\/banic-stamenkovic.ch\/mk\/?s={search_term_string}"},"query-input":{"@type":"PropertyValueSpecification","valueRequired":true,"valueName":"search_term_string"}}],"inLanguage":"mk-MK"}]}},"_links":{"self":[{"href":"https:\/\/banic-stamenkovic.ch\/mk\/wp-json\/wp\/v2\/pages\/1401","targetHints":{"allow":["GET"]}}],"collection":[{"href":"https:\/\/banic-stamenkovic.ch\/mk\/wp-json\/wp\/v2\/pages"}],"about":[{"href":"https:\/\/banic-stamenkovic.ch\/mk\/wp-json\/wp\/v2\/types\/page"}],"author":[{"embeddable":true,"href":"https:\/\/banic-stamenkovic.ch\/mk\/wp-json\/wp\/v2\/users\/1"}],"replies":[{"embeddable":true,"href":"https:\/\/banic-stamenkovic.ch\/mk\/wp-json\/wp\/v2\/comments?post=1401"}],"version-history":[{"count":6,"href":"https:\/\/banic-stamenkovic.ch\/mk\/wp-json\/wp\/v2\/pages\/1401\/revisions"}],"predecessor-version":[{"id":1877,"href":"https:\/\/banic-stamenkovic.ch\/mk\/wp-json\/wp\/v2\/pages\/1401\/revisions\/1877"}],"wp:attachment":[{"href":"https:\/\/banic-stamenkovic.ch\/mk\/wp-json\/wp\/v2\/media?parent=1401"}],"curies":[{"name":"wp","href":"https:\/\/api.w.org\/{rel}","templated":true}]}}