{"id":1384,"date":"2025-07-16T13:57:28","date_gmt":"2025-07-16T13:57:28","guid":{"rendered":"http:\/\/banic-stamenkovic.ch\/soobra%e1%b8%b1ajno-pravo\/"},"modified":"2026-03-27T08:47:45","modified_gmt":"2026-03-27T08:47:45","slug":"soobra%e1%b8%b1ajno-pravo","status":"publish","type":"page","link":"https:\/\/banic-stamenkovic.ch\/mk\/soobra%e1%b8%b1ajno-pravo\/","title":{"rendered":"Soobra\u1e31ajno pravo"},"content":{"rendered":"<p>[et_pb_section fb_built=&#8221;1&#8243; admin_label=&#8221;Header&#8221; _builder_version=&#8221;4.27.4&#8243; _module_preset=&#8221;default&#8221; background_color=&#8221;gcid-70184d90-89dc-4d37-8a72-67bb78c7369e&#8221; background_color_gradient_direction=&#8221;90deg&#8221; max_height_last_edited=&#8221;off|desktop&#8221; overflow-x=&#8221;hidden&#8221; overflow-y=&#8221;hidden&#8221; custom_margin=&#8221;||0px||false|false&#8221; custom_padding=&#8221;0px||0px||false|false&#8221; global_colors_info=&#8221;{%22gcid-69e972fe-da24-4a3a-ae69-014a9d9ad22b%22:%91%22colorStart%22%93,%22gcid-70184d90-89dc-4d37-8a72-67bb78c7369e%22:%91%22background_color%22%93}&#8221;][et_pb_row column_structure=&#8221;3_5,2_5&#8243; use_custom_gutter=&#8221;on&#8221; gutter_width=&#8221;1&#8243; _builder_version=&#8221;4.27.4&#8243; _module_preset=&#8221;default&#8221; custom_padding=&#8221;0px||0px||true|false&#8221; global_colors_info=&#8221;{}&#8221;][et_pb_column type=&#8221;3_5&#8243; _builder_version=&#8221;4.16&#8243; _module_preset=&#8221;default&#8221; custom_padding=&#8221;100px|60px|200px||false|false&#8221; custom_padding_tablet=&#8221;60px|0px|60px||true|false&#8221; custom_padding_phone=&#8221;40px||40px||true|false&#8221; custom_padding_last_edited=&#8221;on|phone&#8221; global_colors_info=&#8221;{}&#8221;][et_pb_text _builder_version=&#8221;4.27.4&#8243; _module_preset=&#8221;6caedfea-843a-4e56-a387-bf180c1022ec&#8221; header_font=&#8221;&#8211;et_global_heading_font||||||||&#8221; header_4_font=&#8221;&#8211;et_global_heading_font||||||||&#8221; header_4_text_color=&#8221;#000000&#8243; header_4_font_size=&#8221;22px&#8221; max_width=&#8221;800px&#8221; custom_margin=&#8221;||20px||false|false&#8221; custom_padding=&#8221;30px||||false|false&#8221; hover_enabled=&#8221;0&#8243; header_font_size_tablet=&#8221;&#8221; header_font_size_phone=&#8221;30px&#8221; header_font_size_last_edited=&#8221;on|phone&#8221; global_colors_info=&#8221;{}&#8221; theme_builder_area=&#8221;post_content&#8221; sticky_enabled=&#8221;0&#8243;]<\/p>\n<h1>Soobra\u1e31ajno pravo<\/h1>\n<p>[\/et_pb_text][et_pb_divider color=&#8221;gcid-heading-color&#8221; divider_weight=&#8221;3px&#8221; disabled_on=&#8221;on|on|off&#8221; _builder_version=&#8221;4.27.4&#8243; max_width=&#8221;50px&#8221; custom_margin=&#8221;-10px||12px||false|false&#8221; custom_padding=&#8221;0px||||false|false&#8221; animation_style=&#8221;fade&#8221; global_colors_info=&#8221;{%22gcid-heading-color%22:%91%22color%22%93}&#8221;][\/et_pb_divider][et_pb_text _builder_version=&#8221;4.27.4&#8243; _module_preset=&#8221;6caedfea-843a-4e56-a387-bf180c1022ec&#8221; text_font=&#8221;&#8211;et_global_body_font||||||||&#8221; link_text_color=&#8221;#000000&#8243; header_4_font=&#8221;SuisseIntl-Medium||||||||&#8221; header_4_text_color=&#8221;#000000&#8243; header_4_font_size=&#8221;20px&#8221; header_4_line_height=&#8221;1.5em&#8221; header_5_font=&#8221;SuisseIntl-Medium||||||||&#8221; max_width=&#8221;800px&#8221; custom_margin=&#8221;||20px||false|false&#8221; global_colors_info=&#8221;{}&#8221;]<\/p>\n<div><span>Nadminata brzina, pozitiven alkotest ili prekr\u0161ok spored LCR mo\u017ee da predizvikaat seriozni posledici: oduzemanje na voza\u010dka dozvola, globa, pa duri i krivi\u010dna sankcija.<\/span><\/div>\n<div><span><br \/>Na\u0161ata kancelarija gi \u0161titi va\u0161ite interesi pred nadle\u017enite organi, bilo da stanuva zbor za oduzemanje na dozvola, osporuvanje na odluka na SAN ili za krivi\u010dna postapka.<\/span><\/div>\n<div><span><br \/>Blagodarej\u1e31i na odli\u010dno poznavanje na soobra\u1e31ajnoto pravo i praksata vo kantonot Vo, gi zgolemuvame va\u0161ite \u0161ansi da ja zadr\u017eite dozvolata ili da ja namalite sankcijata. <\/span><\/div>\n<div><\/div>\n<p>[\/et_pb_text][\/et_pb_column][et_pb_column type=&#8221;2_5&#8243; _builder_version=&#8221;4.27.4&#8243; _module_preset=&#8221;default&#8221; global_colors_info=&#8221;{}&#8221;][et_pb_image src=&#8221;http:\/\/banic-stamenkovic.ch\/wp-content\/uploads\/2026\/03\/Avocat-retrait-permis-Vaud-Suisse.jpg&#8221; alt=&#8221;Osiguritelno Pravo&#8221; title_text=&#8221;Advokat za oduzemanje na voza\u010dka dozvola vo kantonot Vaud, \u0160vajcarija&#8221; disabled_on=&#8221;on|on|off&#8221; _builder_version=&#8221;4.27.4&#8243; _module_preset=&#8221;default&#8221; custom_margin=&#8221;|-75%|0px||false|false&#8221; custom_margin_tablet=&#8221;|0%|||false|false&#8221; custom_margin_phone=&#8221;&#8221; custom_margin_last_edited=&#8221;on|tablet&#8221; custom_padding=&#8221;||0px||false|false&#8221; locked=&#8221;off&#8221; global_colors_info=&#8221;{}&#8221;][\/et_pb_image][\/et_pb_column][\/et_pb_row][\/et_pb_section][et_pb_section fb_built=&#8221;1&#8243; fullwidth=&#8221;on&#8221; _builder_version=&#8221;4.27.4&#8243; _module_preset=&#8221;default&#8221; global_colors_info=&#8221;{}&#8221;][et_pb_fullwidth_image src=&#8221;http:\/\/banic-stamenkovic.ch\/wp-content\/uploads\/2025\/07\/9N1A9786-copie.jpg&#8221; title_text=&#8221;9N1A9786 copie&#8221; disabled_on=&#8221;off|off|on&#8221; _builder_version=&#8221;4.27.4&#8243; _module_preset=&#8221;default&#8221; global_colors_info=&#8221;{}&#8221;][\/et_pb_fullwidth_image][\/et_pb_section][et_pb_section fb_built=&#8221;1&#8243; admin_label=&#8221;Features&#8221; _builder_version=&#8221;4.27.4&#8243; background_color=&#8221;gcid-heading-color&#8221; custom_padding=&#8221;70px||110px|||&#8221; collapsed=&#8221;off&#8221; global_colors_info=&#8221;{%22gcid-heading-color%22:%91%22background_color%22%93}&#8221;][et_pb_row _builder_version=&#8221;4.27.4&#8243; _module_preset=&#8221;default&#8221; global_colors_info=&#8221;{}&#8221;][et_pb_column type=&#8221;4_4&#8243; _builder_version=&#8221;4.27.4&#8243; _module_preset=&#8221;default&#8221; global_colors_info=&#8221;{}&#8221;][et_pb_text _builder_version=&#8221;4.27.4&#8243; _module_preset=&#8221;default&#8221; header_text_color=&#8221;#FFFFFF&#8221; global_colors_info=&#8221;{}&#8221;]<\/p>\n<h1>Na\u0161i advokati specijalizovani za<\/h1>\n<p>[\/et_pb_text][\/et_pb_column][\/et_pb_row][et_pb_row column_structure=&#8221;1_4,1_4,1_4,1_4&#8243; _builder_version=&#8221;4.27.4&#8243; collapsed=&#8221;off&#8221; global_colors_info=&#8221;{}&#8221;][et_pb_column type=&#8221;1_4&#8243; _builder_version=&#8221;4.16&#8243; custom_padding=&#8221;|||&#8221; global_colors_info=&#8221;{}&#8221; custom_padding__hover=&#8221;|||&#8221;][et_pb_text admin_label=&#8221;Number&#8221; _builder_version=&#8221;4.27.4&#8243; text_font=&#8221;&#8211;et_global_body_font||||||||&#8221; link_text_color=&#8221;#000000&#8243; header_2_text_color=&#8221;#FFFFFF&#8221; custom_margin=&#8221;||15px||false|false&#8221; link_option_url=&#8221;http:\/\/banic-stamenkovic.ch\/filip-banic\/&#8221; global_colors_info=&#8221;{}&#8221;]<\/p>\n<h2>Filip<br \/>Banic<\/h2>\n<p>[\/et_pb_text][et_pb_divider color=&#8221;#FFFFFF&#8221; divider_weight=&#8221;2px&#8221; disabled_on=&#8221;off|off|off&#8221; _builder_version=&#8221;4.27.4&#8243; background_color=&#8221;RGBA(255,255,255,0)&#8221; max_width=&#8221;50px&#8221; custom_margin=&#8221;-10px||12px||false|false&#8221; custom_padding=&#8221;0px||||false|false&#8221; animation_style=&#8221;fade&#8221; global_colors_info=&#8221;{}&#8221;][\/et_pb_divider][et_pb_button button_url=&#8221;http:\/\/banic-stamenkovic.ch\/filip-banic\/&#8221; button_text=&#8221;advokat, partner&#8221; _builder_version=&#8221;4.27.4&#8243; _module_preset=&#8221;default&#8221; custom_button=&#8221;on&#8221; button_text_size=&#8221;18px&#8221; button_text_color=&#8221;#FFFFFF&#8221; button_border_width=&#8221;0px&#8221; button_font=&#8221;SuisseIntl-Medium||||||||&#8221; button_icon=&#8221;&#x24;||divi||400&#8243; button_on_hover=&#8221;off&#8221; custom_margin=&#8221;-20px||||false|false&#8221; custom_margin_tablet=&#8221;-20px||||false|false&#8221; custom_margin_phone=&#8221;-20px||||false|false&#8221; custom_margin_last_edited=&#8221;on|desktop&#8221; custom_padding=&#8221;0px|10px||0px|false|false&#8221; button_bg_color_tablet=&#8221;&#8221; button_bg_color_phone=&#8221;&#8221; button_bg_color_last_edited=&#8221;on|phone&#8221; button_bg_enable_color_tablet=&#8221;off&#8221; global_colors_info=&#8221;{}&#8221; button_bg_color__hover_enabled=&#8221;on|desktop&#8221; button_bg_color__hover=&#8221;&#8221; button_bg_enable_color__hover=&#8221;off&#8221;][\/et_pb_button][\/et_pb_column][et_pb_column type=&#8221;1_4&#8243; _builder_version=&#8221;4.16&#8243; custom_padding=&#8221;|||&#8221; global_colors_info=&#8221;{}&#8221; custom_padding__hover=&#8221;|||&#8221;][et_pb_text admin_label=&#8221;Number&#8221; _builder_version=&#8221;4.27.4&#8243; text_font=&#8221;&#8211;et_global_body_font||||||||&#8221; link_text_color=&#8221;#000000&#8243; header_2_text_color=&#8221;#FFFFFF&#8221; custom_margin=&#8221;||15px||false|false&#8221; link_option_url=&#8221;http:\/\/banic-stamenkovic.ch\/radivoje-stamenkovic\/&#8221; global_colors_info=&#8221;{%22gcid-heading-color%22:%91%22header_2_text_color%22%93}&#8221;]<\/p>\n<h2>Radivoje <br \/>Stamenkovic<\/h2>\n<p>[\/et_pb_text][et_pb_divider color=&#8221;#FFFFFF&#8221; divider_weight=&#8221;2px&#8221; disabled_on=&#8221;off|off|off&#8221; _builder_version=&#8221;4.27.4&#8243; background_color=&#8221;RGBA(255,255,255,0)&#8221; max_width=&#8221;50px&#8221; custom_margin=&#8221;-10px||12px||false|false&#8221; custom_padding=&#8221;0px||||false|false&#8221; animation_style=&#8221;fade&#8221; global_colors_info=&#8221;{%22gcid-heading-color%22:%91%22color%22%93}&#8221;][\/et_pb_divider][et_pb_button button_url=&#8221;http:\/\/banic-stamenkovic.ch\/radivoje-stamenkovic\/&#8221; button_text=&#8221;advokat, partner&#8221; _builder_version=&#8221;4.27.4&#8243; _module_preset=&#8221;default&#8221; custom_button=&#8221;on&#8221; button_text_size=&#8221;18px&#8221; button_text_color=&#8221;#FFFFFF&#8221; button_border_width=&#8221;0px&#8221; button_font=&#8221;SuisseIntl-Medium||||||||&#8221; button_icon=&#8221;&#x24;||divi||400&#8243; button_on_hover=&#8221;off&#8221; custom_margin=&#8221;-20px||||false|false&#8221; custom_margin_tablet=&#8221;-20px||||false|false&#8221; custom_margin_phone=&#8221;-20px||||false|false&#8221; custom_margin_last_edited=&#8221;on|desktop&#8221; custom_padding=&#8221;0px|10px||0px|false|false&#8221; button_bg_color_tablet=&#8221;&#8221; button_bg_color_phone=&#8221;&#8221; button_bg_color_last_edited=&#8221;on|phone&#8221; button_bg_enable_color_tablet=&#8221;off&#8221; global_colors_info=&#8221;{}&#8221; button_bg_color__hover_enabled=&#8221;on|desktop&#8221;][\/et_pb_button][\/et_pb_column][et_pb_column type=&#8221;1_4&#8243; _builder_version=&#8221;4.27.4&#8243; _module_preset=&#8221;default&#8221; global_colors_info=&#8221;{}&#8221;][et_pb_text admin_label=&#8221;Number&#8221; _builder_version=&#8221;4.27.4&#8243; text_font=&#8221;&#8211;et_global_body_font||||||||&#8221; link_text_color=&#8221;#000000&#8243; header_2_text_color=&#8221;#FFFFFF&#8221; custom_margin=&#8221;||15px||false|false&#8221; link_option_url=&#8221;http:\/\/banic-stamenkovic.ch\/mk\/biljana-trajkovska\/&#8221; global_colors_info=&#8221;{%22gcid-heading-color%22:%91%22header_2_text_color%22%93}&#8221;]<\/p>\n<h2>Biljana <br \/>Trajkovska<\/h2>\n<p>[\/et_pb_text][et_pb_divider color=&#8221;#FFFFFF&#8221; divider_weight=&#8221;2px&#8221; disabled_on=&#8221;off|off|off&#8221; _builder_version=&#8221;4.27.4&#8243; background_color=&#8221;RGBA(255,255,255,0)&#8221; max_width=&#8221;50px&#8221; custom_margin=&#8221;-10px||12px||false|false&#8221; custom_padding=&#8221;0px||||false|false&#8221; animation_style=&#8221;fade&#8221; global_colors_info=&#8221;{%22gcid-heading-color%22:%91%22color%22%93}&#8221;][\/et_pb_divider][et_pb_button button_url=&#8221;http:\/\/banic-stamenkovic.ch\/mk\/biljana-trajkovska\/&#8221; button_text=&#8221;advokatka, sorabotni\u010dka&#8221; _builder_version=&#8221;4.27.4&#8243; _module_preset=&#8221;default&#8221; custom_button=&#8221;on&#8221; button_text_size=&#8221;18px&#8221; button_text_color=&#8221;#FFFFFF&#8221; button_border_width=&#8221;0px&#8221; button_font=&#8221;SuisseIntl-Medium||||||||&#8221; button_icon=&#8221;&#x24;||divi||400&#8243; button_on_hover=&#8221;off&#8221; custom_margin=&#8221;-20px||||false|false&#8221; custom_margin_tablet=&#8221;-20px||||false|false&#8221; custom_margin_phone=&#8221;-20px||||false|false&#8221; custom_margin_last_edited=&#8221;on|desktop&#8221; custom_padding=&#8221;0px|10px||0px|false|false&#8221; button_bg_color_tablet=&#8221;&#8221; button_bg_color_phone=&#8221;&#8221; button_bg_color_last_edited=&#8221;on|phone&#8221; button_bg_enable_color_tablet=&#8221;off&#8221; global_colors_info=&#8221;{}&#8221; button_bg_color__hover_enabled=&#8221;on|desktop&#8221; button_bg_color__hover=&#8221;RGBA(255,255,255,0)&#8221;][\/et_pb_button][\/et_pb_column][et_pb_column type=&#8221;1_4&#8243; _builder_version=&#8221;4.27.4&#8243; _module_preset=&#8221;default&#8221; global_colors_info=&#8221;{}&#8221;][\/et_pb_column][\/et_pb_row][\/et_pb_section]<\/p>\n","protected":false},"excerpt":{"rendered":"<p>Soobra\u1e31ajno pravoNadminata brzina, pozitiven alkotest ili prekr\u0161ok spored LCR mo\u017ee da predizvikaat seriozni posledici: oduzemanje na voza\u010dka dozvola, globa, pa duri i krivi\u010dna sankcija. Na\u0161ata kancelarija gi \u0161titi va\u0161ite interesi pred nadle\u017enite organi, bilo da stanuva zbor za oduzemanje na dozvola, osporuvanje na odluka na SAN ili za krivi\u010dna postapka. Blagodarej\u1e31i na odli\u010dno poznavanje na [&hellip;]<\/p>\n","protected":false},"author":1,"featured_media":0,"parent":0,"menu_order":0,"comment_status":"closed","ping_status":"closed","template":"","meta":{"_et_pb_use_builder":"on","_et_pb_old_content":"","_et_gb_content_width":"","footnotes":""},"class_list":["post-1384","page","type-page","status-publish","hentry"],"yoast_head":"<!-- This site is optimized with the Yoast SEO plugin v27.2 - https:\/\/yoast.com\/product\/yoast-seo-wordpress\/ -->\n<title>Soobra\u1e31ajno pravo - Banic Stamenkovic Avocats<\/title>\n<meta name=\"description\" content=\"Permis retir\u00e9? Infraction LCR? Faites appel \u00e0 nos avocats \u00e0 Lausanne pour contester une d\u00e9cision ou d\u00e9fendre vos droits.\" \/>\n<meta name=\"robots\" content=\"index, follow, max-snippet:-1, max-image-preview:large, max-video-preview:-1\" \/>\n<link rel=\"canonical\" href=\"https:\/\/banic-stamenkovic.ch\/mk\/soobra%e1%b8%b1ajno-pravo\/\" \/>\n<meta property=\"og:locale\" content=\"mk_MK\" \/>\n<meta property=\"og:type\" content=\"article\" \/>\n<meta property=\"og:title\" content=\"Soobra\u1e31ajno pravo - Banic Stamenkovic Avocats\" \/>\n<meta property=\"og:description\" content=\"Permis retir\u00e9? Infraction LCR? Faites appel \u00e0 nos avocats \u00e0 Lausanne pour contester une d\u00e9cision ou d\u00e9fendre vos droits.\" \/>\n<meta property=\"og:url\" content=\"https:\/\/banic-stamenkovic.ch\/mk\/soobra%e1%b8%b1ajno-pravo\/\" \/>\n<meta property=\"og:site_name\" content=\"Banic Stamenkovic Avocats\" \/>\n<meta property=\"article:modified_time\" content=\"2026-03-27T08:47:45+00:00\" \/>\n<meta name=\"twitter:card\" content=\"summary_large_image\" \/>\n<meta name=\"twitter:label1\" content=\"Est. reading time\" \/>\n\t<meta name=\"twitter:data1\" content=\"7 \u043c\u0438\u043d\u0443\u0442\u0438\" \/>\n<script type=\"application\/ld+json\" class=\"yoast-schema-graph\">{\"@context\":\"https:\/\/schema.org\",\"@graph\":[{\"@type\":\"WebPage\",\"@id\":\"https:\/\/banic-stamenkovic.ch\/mk\/soobra%e1%b8%b1ajno-pravo\/\",\"url\":\"https:\/\/banic-stamenkovic.ch\/mk\/soobra%e1%b8%b1ajno-pravo\/\",\"name\":\"Soobra\u1e31ajno pravo - Banic Stamenkovic Avocats\",\"isPartOf\":{\"@id\":\"https:\/\/banic-stamenkovic.ch\/mk\/#website\"},\"datePublished\":\"2025-07-16T13:57:28+00:00\",\"dateModified\":\"2026-03-27T08:47:45+00:00\",\"description\":\"Permis retir\u00e9? Infraction LCR? Faites appel \u00e0 nos avocats \u00e0 Lausanne pour contester une d\u00e9cision ou d\u00e9fendre vos droits.\",\"breadcrumb\":{\"@id\":\"https:\/\/banic-stamenkovic.ch\/mk\/soobra%e1%b8%b1ajno-pravo\/#breadcrumb\"},\"inLanguage\":\"mk-MK\",\"potentialAction\":[{\"@type\":\"ReadAction\",\"target\":[\"https:\/\/banic-stamenkovic.ch\/mk\/soobra%e1%b8%b1ajno-pravo\/\"]}]},{\"@type\":\"BreadcrumbList\",\"@id\":\"https:\/\/banic-stamenkovic.ch\/mk\/soobra%e1%b8%b1ajno-pravo\/#breadcrumb\",\"itemListElement\":[{\"@type\":\"ListItem\",\"position\":1,\"name\":\"Accueil\",\"item\":\"https:\/\/banic-stamenkovic.ch\/mk\/\"},{\"@type\":\"ListItem\",\"position\":2,\"name\":\"Soobra\u1e31ajno pravo\"}]},{\"@type\":\"WebSite\",\"@id\":\"https:\/\/banic-stamenkovic.ch\/mk\/#website\",\"url\":\"https:\/\/banic-stamenkovic.ch\/mk\/\",\"name\":\"Banic Stamenkovic Avocats\",\"description\":\"Lausanne\",\"potentialAction\":[{\"@type\":\"SearchAction\",\"target\":{\"@type\":\"EntryPoint\",\"urlTemplate\":\"https:\/\/banic-stamenkovic.ch\/mk\/?s={search_term_string}\"},\"query-input\":{\"@type\":\"PropertyValueSpecification\",\"valueRequired\":true,\"valueName\":\"search_term_string\"}}],\"inLanguage\":\"mk-MK\"}]}<\/script>\n<!-- \/ Yoast SEO plugin. -->","yoast_head_json":{"title":"Soobra\u1e31ajno pravo - Banic Stamenkovic Avocats","description":"Permis retir\u00e9? Infraction LCR? Faites appel \u00e0 nos avocats \u00e0 Lausanne pour contester une d\u00e9cision ou d\u00e9fendre vos droits.","robots":{"index":"index","follow":"follow","max-snippet":"max-snippet:-1","max-image-preview":"max-image-preview:large","max-video-preview":"max-video-preview:-1"},"canonical":"https:\/\/banic-stamenkovic.ch\/mk\/soobra%e1%b8%b1ajno-pravo\/","og_locale":"mk_MK","og_type":"article","og_title":"Soobra\u1e31ajno pravo - Banic Stamenkovic Avocats","og_description":"Permis retir\u00e9? Infraction LCR? Faites appel \u00e0 nos avocats \u00e0 Lausanne pour contester une d\u00e9cision ou d\u00e9fendre vos droits.","og_url":"https:\/\/banic-stamenkovic.ch\/mk\/soobra%e1%b8%b1ajno-pravo\/","og_site_name":"Banic Stamenkovic Avocats","article_modified_time":"2026-03-27T08:47:45+00:00","twitter_card":"summary_large_image","twitter_misc":{"Est. reading time":"7 \u043c\u0438\u043d\u0443\u0442\u0438"},"schema":{"@context":"https:\/\/schema.org","@graph":[{"@type":"WebPage","@id":"https:\/\/banic-stamenkovic.ch\/mk\/soobra%e1%b8%b1ajno-pravo\/","url":"https:\/\/banic-stamenkovic.ch\/mk\/soobra%e1%b8%b1ajno-pravo\/","name":"Soobra\u1e31ajno pravo - Banic Stamenkovic Avocats","isPartOf":{"@id":"https:\/\/banic-stamenkovic.ch\/mk\/#website"},"datePublished":"2025-07-16T13:57:28+00:00","dateModified":"2026-03-27T08:47:45+00:00","description":"Permis retir\u00e9? Infraction LCR? Faites appel \u00e0 nos avocats \u00e0 Lausanne pour contester une d\u00e9cision ou d\u00e9fendre vos droits.","breadcrumb":{"@id":"https:\/\/banic-stamenkovic.ch\/mk\/soobra%e1%b8%b1ajno-pravo\/#breadcrumb"},"inLanguage":"mk-MK","potentialAction":[{"@type":"ReadAction","target":["https:\/\/banic-stamenkovic.ch\/mk\/soobra%e1%b8%b1ajno-pravo\/"]}]},{"@type":"BreadcrumbList","@id":"https:\/\/banic-stamenkovic.ch\/mk\/soobra%e1%b8%b1ajno-pravo\/#breadcrumb","itemListElement":[{"@type":"ListItem","position":1,"name":"Accueil","item":"https:\/\/banic-stamenkovic.ch\/mk\/"},{"@type":"ListItem","position":2,"name":"Soobra\u1e31ajno pravo"}]},{"@type":"WebSite","@id":"https:\/\/banic-stamenkovic.ch\/mk\/#website","url":"https:\/\/banic-stamenkovic.ch\/mk\/","name":"Banic Stamenkovic Avocats","description":"Lausanne","potentialAction":[{"@type":"SearchAction","target":{"@type":"EntryPoint","urlTemplate":"https:\/\/banic-stamenkovic.ch\/mk\/?s={search_term_string}"},"query-input":{"@type":"PropertyValueSpecification","valueRequired":true,"valueName":"search_term_string"}}],"inLanguage":"mk-MK"}]}},"_links":{"self":[{"href":"https:\/\/banic-stamenkovic.ch\/mk\/wp-json\/wp\/v2\/pages\/1384","targetHints":{"allow":["GET"]}}],"collection":[{"href":"https:\/\/banic-stamenkovic.ch\/mk\/wp-json\/wp\/v2\/pages"}],"about":[{"href":"https:\/\/banic-stamenkovic.ch\/mk\/wp-json\/wp\/v2\/types\/page"}],"author":[{"embeddable":true,"href":"https:\/\/banic-stamenkovic.ch\/mk\/wp-json\/wp\/v2\/users\/1"}],"replies":[{"embeddable":true,"href":"https:\/\/banic-stamenkovic.ch\/mk\/wp-json\/wp\/v2\/comments?post=1384"}],"version-history":[{"count":6,"href":"https:\/\/banic-stamenkovic.ch\/mk\/wp-json\/wp\/v2\/pages\/1384\/revisions"}],"predecessor-version":[{"id":1859,"href":"https:\/\/banic-stamenkovic.ch\/mk\/wp-json\/wp\/v2\/pages\/1384\/revisions\/1859"}],"wp:attachment":[{"href":"https:\/\/banic-stamenkovic.ch\/mk\/wp-json\/wp\/v2\/media?parent=1384"}],"curies":[{"name":"wp","href":"https:\/\/api.w.org\/{rel}","templated":true}]}}