{"id":1376,"date":"2025-07-16T10:23:52","date_gmt":"2025-07-16T10:23:52","guid":{"rendered":"http:\/\/banic-stamenkovic.ch\/kontakt\/"},"modified":"2026-03-24T09:42:32","modified_gmt":"2026-03-24T09:42:32","slug":"kontakt","status":"publish","type":"page","link":"https:\/\/banic-stamenkovic.ch\/mk\/kontakt\/","title":{"rendered":"Kontakt"},"content":{"rendered":"<p>[et_pb_section fb_built=&#8221;1&#8243; disabled_on=&#8221;on|on|on&#8221; admin_label=&#8221;Header&#8221; _builder_version=&#8221;4.27.4&#8243; _module_preset=&#8221;default&#8221; background_color=&#8221;gcid-primary-color&#8221; custom_padding=&#8221;0px||0px||true|false&#8221; disabled=&#8221;on&#8221; collapsed=&#8221;off&#8221; global_colors_info=&#8221;{%22gcid-primary-color%22:%91%22background_color%22%93}&#8221;][et_pb_row column_structure=&#8221;1_2,1_2&#8243; make_equal=&#8221;on&#8221; _builder_version=&#8221;4.27.4&#8243; _module_preset=&#8221;default&#8221; width=&#8221;94%&#8221; width_tablet=&#8221;80%&#8221; width_phone=&#8221;80%&#8221; width_last_edited=&#8221;on|desktop&#8221; max_width=&#8221;2000px&#8221; custom_margin=&#8221;0px|0px|0px||true|false&#8221; custom_margin_tablet=&#8221;|10px||50px|true|false&#8221; custom_margin_phone=&#8221;|0px||0px|true|true&#8221; custom_margin_last_edited=&#8221;on|phone&#8221; custom_padding=&#8221;0px||0px||true|false&#8221; global_colors_info=&#8221;{}&#8221;][et_pb_column type=&#8221;1_2&#8243; _builder_version=&#8221;4.27.4&#8243; _module_preset=&#8221;default&#8221; custom_padding=&#8221;10vh||40vh||false|false&#8221; custom_padding_tablet=&#8221;12vw|10px|1vh||false|false&#8221; custom_padding_phone=&#8221;12vw|0px|0px|40px|false|false&#8221; custom_padding_last_edited=&#8221;on|phone&#8221; global_colors_info=&#8221;{}&#8221;][et_pb_text _builder_version=&#8221;4.27.4&#8243; _module_preset=&#8221;6caedfea-843a-4e56-a387-bf180c1022ec&#8221; header_font=&#8221;&#8211;et_global_heading_font||||||||&#8221; header_text_color=&#8221;#FFFFFF&#8221; header_4_font=&#8221;&#8211;et_global_heading_font||||||||&#8221; header_4_text_color=&#8221;#FFFFFF&#8221; header_4_font_size=&#8221;22px&#8221; max_width=&#8221;800px&#8221; custom_margin=&#8221;||20px||false|false&#8221; global_colors_info=&#8221;{}&#8221;]<\/p>\n<h1>Kontakt<\/h1>\n<p>[\/et_pb_text][et_pb_text _builder_version=&#8221;4.27.4&#8243; _module_preset=&#8221;default&#8221; header_text_color=&#8221;#FFFFFF&#8221; header_3_font=&#8221;SuisseIntl-Medium||||||||&#8221; header_3_text_color=&#8221;#FFFFFF&#8221; header_3_font_size=&#8221;20px&#8221; header_4_text_color=&#8221;#000000&#8243; custom_margin=&#8221;100px||||false|false&#8221; custom_margin_tablet=&#8221;70px||||false|false&#8221; custom_margin_phone=&#8221;50px||||false|false&#8221; custom_margin_last_edited=&#8221;on|phone&#8221; global_colors_info=&#8221;{}&#8221;]<\/p>\n<h3><span>Banic Stamenkovic \u2013 Advokati<\/span><\/h3>\n<p>[\/et_pb_text][et_pb_blurb title=&#8221;024 424 14 00&#8243; use_icon=&#8221;on&#8221; font_icon=&#8221;&#xe090;||divi||400&#8243; icon_color=&#8221;#FFFFFF&#8221; icon_placement=&#8221;left&#8221; image_icon_width=&#8221;25px&#8221; content_max_width=&#8221;1100px&#8221; content_max_width_tablet=&#8221;1100px&#8221; content_max_width_phone=&#8221;1100px&#8221; content_max_width_last_edited=&#8221;on|phone&#8221; _builder_version=&#8221;4.27.4&#8243; _module_preset=&#8221;default&#8221; header_font=&#8221;SuisseIntl-Medium||||||||&#8221; header_text_color=&#8221;#FFFFFF&#8221; header_font_size=&#8221;20px&#8221; custom_margin=&#8221;|||0px|false|false&#8221; custom_padding=&#8221;|||0px|false|false&#8221; animation_style=&#8221;fade&#8221; header_font_size_tablet=&#8221;25px&#8221; header_font_size_phone=&#8221;25px&#8221; header_font_size_last_edited=&#8221;on|phone&#8221; global_colors_info=&#8221;{}&#8221;][\/et_pb_blurb][et_pb_blurb title=&#8221;secretariat@bs-a.ch&#8221; use_icon=&#8221;on&#8221; font_icon=&#8221;&#xe010;||divi||400&#8243; icon_color=&#8221;#FFFFFF&#8221; icon_placement=&#8221;left&#8221; image_icon_width=&#8221;25px&#8221; content_max_width=&#8221;1100px&#8221; content_max_width_tablet=&#8221;1100px&#8221; content_max_width_phone=&#8221;1100px&#8221; content_max_width_last_edited=&#8221;on|phone&#8221; _builder_version=&#8221;4.27.4&#8243; _module_preset=&#8221;default&#8221; header_font=&#8221;SuisseIntl-Medium||||||||&#8221; header_text_color=&#8221;#FFFFFF&#8221; header_font_size=&#8221;20px&#8221; custom_margin=&#8221;|||0px|false|false&#8221; custom_padding=&#8221;|||0px|false|false&#8221; animation_style=&#8221;fade&#8221; header_font_size_tablet=&#8221;25px&#8221; header_font_size_phone=&#8221;25px&#8221; header_font_size_last_edited=&#8221;on|phone&#8221; global_colors_info=&#8221;{}&#8221;][\/et_pb_blurb][\/et_pb_column][et_pb_column type=&#8221;1_2&#8243; disabled_on=&#8221;on|on|off&#8221; _builder_version=&#8221;4.27.4&#8243; _module_preset=&#8221;default&#8221; background_image=&#8221;http:\/\/banic-stamenkovic.ch\/wp-content\/uploads\/2025\/09\/9N1A9539-scaled.jpg&#8221; custom_padding=&#8221;|0px|0px||false|false&#8221; custom_padding_tablet=&#8221;|0px|0px||false|false&#8221; custom_padding_phone=&#8221;|0px|0px||false|false&#8221; custom_padding_last_edited=&#8221;on|phone&#8221; global_colors_info=&#8221;{}&#8221;][et_pb_divider show_divider=&#8221;off&#8221; _builder_version=&#8221;4.21.0&#8243; _module_preset=&#8221;default&#8221; height_tablet=&#8221;40vw&#8221; height_phone=&#8221;40vw&#8221; height_last_edited=&#8221;on|desktop&#8221; global_colors_info=&#8221;{}&#8221;][\/et_pb_divider][\/et_pb_column][\/et_pb_row][\/et_pb_section][et_pb_section fb_built=&#8221;1&#8243; _builder_version=&#8221;4.27.4&#8243; _module_preset=&#8221;default&#8221; background_color=&#8221;gcid-primary-color&#8221; global_colors_info=&#8221;{%22gcid-primary-color%22:%91%22background_color%22%93}&#8221;][et_pb_row column_structure=&#8221;1_2,1_2&#8243; _builder_version=&#8221;4.27.4&#8243; _module_preset=&#8221;default&#8221; custom_padding=&#8221;2px||1px|||&#8221; global_colors_info=&#8221;{}&#8221;][et_pb_column type=&#8221;1_2&#8243; _builder_version=&#8221;4.27.4&#8243; _module_preset=&#8221;default&#8221; global_colors_info=&#8221;{}&#8221;][et_pb_divider color=&#8221;gcid-heading-color&#8221; divider_weight=&#8221;3px&#8221; disabled_on=&#8221;on|on|off&#8221; _builder_version=&#8221;4.27.4&#8243; max_width=&#8221;50px&#8221; custom_margin=&#8221;-10px||12px||false|false&#8221; custom_padding=&#8221;0px||||false|false&#8221; animation_style=&#8221;fade&#8221; global_colors_info=&#8221;{%22gcid-heading-color%22:%91%22color%22%93}&#8221;][\/et_pb_divider][et_pb_text _builder_version=&#8221;4.27.4&#8243; _module_preset=&#8221;6caedfea-843a-4e56-a387-bf180c1022ec&#8221; header_font=&#8221;&#8211;et_global_heading_font||||||||&#8221; header_text_color=&#8221;#FFFFFF&#8221; header_4_font=&#8221;&#8211;et_global_heading_font||||||||&#8221; header_4_text_color=&#8221;#FFFFFF&#8221; header_4_font_size=&#8221;22px&#8221; max_width=&#8221;800px&#8221; custom_margin=&#8221;||20px||false|false&#8221; custom_padding=&#8221;50px||||false|false&#8221; global_colors_info=&#8221;{}&#8221;]<\/p>\n<h1>Kontakt<\/h1>\n<p>[\/et_pb_text][et_pb_text _builder_version=&#8221;4.27.4&#8243; _module_preset=&#8221;default&#8221; header_text_color=&#8221;#FFFFFF&#8221; header_3_font=&#8221;SuisseIntl-Medium||||||||&#8221; header_3_text_color=&#8221;#FFFFFF&#8221; header_3_font_size=&#8221;20px&#8221; header_4_text_color=&#8221;#000000&#8243; custom_margin=&#8221;100px||||false|false&#8221; custom_margin_tablet=&#8221;70px||||false|false&#8221; custom_margin_phone=&#8221;50px||||false|false&#8221; custom_margin_last_edited=&#8221;on|phone&#8221; global_colors_info=&#8221;{}&#8221;]<\/p>\n<h3><span>Banic Stamenkovic \u2013 Advokati<\/span><\/h3>\n<p>[\/et_pb_text][et_pb_blurb title=&#8221;024 424 14 00&#8243; use_icon=&#8221;on&#8221; font_icon=&#8221;&#xe090;||divi||400&#8243; icon_color=&#8221;#FFFFFF&#8221; icon_placement=&#8221;left&#8221; image_icon_width=&#8221;25px&#8221; content_max_width=&#8221;1100px&#8221; content_max_width_tablet=&#8221;1100px&#8221; content_max_width_phone=&#8221;1100px&#8221; content_max_width_last_edited=&#8221;on|phone&#8221; _builder_version=&#8221;4.27.4&#8243; _module_preset=&#8221;default&#8221; header_font=&#8221;SuisseIntl-Medium||||||||&#8221; header_text_color=&#8221;#FFFFFF&#8221; header_font_size=&#8221;20px&#8221; custom_margin=&#8221;|||0px|false|false&#8221; custom_padding=&#8221;|||0px|false|false&#8221; animation_style=&#8221;fade&#8221; header_font_size_tablet=&#8221;25px&#8221; header_font_size_phone=&#8221;25px&#8221; header_font_size_last_edited=&#8221;on|phone&#8221; global_colors_info=&#8221;{}&#8221;][\/et_pb_blurb][et_pb_blurb title=&#8221;secretariat@bs-a.ch&#8221; use_icon=&#8221;on&#8221; font_icon=&#8221;&#xe010;||divi||400&#8243; icon_color=&#8221;#FFFFFF&#8221; icon_placement=&#8221;left&#8221; image_icon_width=&#8221;25px&#8221; content_max_width=&#8221;1100px&#8221; content_max_width_tablet=&#8221;1100px&#8221; content_max_width_phone=&#8221;1100px&#8221; content_max_width_last_edited=&#8221;on|phone&#8221; _builder_version=&#8221;4.27.4&#8243; _module_preset=&#8221;default&#8221; header_font=&#8221;SuisseIntl-Medium||||||||&#8221; header_text_color=&#8221;#FFFFFF&#8221; header_font_size=&#8221;20px&#8221; custom_margin=&#8221;|||0px|false|false&#8221; custom_padding=&#8221;|||0px|false|false&#8221; animation_style=&#8221;fade&#8221; header_font_size_tablet=&#8221;25px&#8221; header_font_size_phone=&#8221;25px&#8221; header_font_size_last_edited=&#8221;on|phone&#8221; global_colors_info=&#8221;{}&#8221;][\/et_pb_blurb][\/et_pb_column][et_pb_column type=&#8221;1_2&#8243; _builder_version=&#8221;4.27.4&#8243; _module_preset=&#8221;default&#8221; global_colors_info=&#8221;{}&#8221;][et_pb_image src=&#8221;http:\/\/banic-stamenkovic.ch\/wp-content\/uploads\/2025\/11\/9N1A9539-copie-scaled.jpg&#8221; alt=&#8221;Me Filip Banic \u2013 Advokat vo Lozana i Iverdon&#8221; title_text=&#8221;9N1A9539 copie&#8221; disabled_on=&#8221;on|on|off&#8221; _builder_version=&#8221;4.27.4&#8243; _module_preset=&#8221;default&#8221; global_colors_info=&#8221;{}&#8221;][\/et_pb_image][\/et_pb_column][\/et_pb_row][\/et_pb_section][et_pb_section fb_built=&#8221;1&#8243; fullwidth=&#8221;on&#8221; _builder_version=&#8221;4.27.4&#8243; _module_preset=&#8221;default&#8221; global_colors_info=&#8221;{}&#8221;][et_pb_fullwidth_image src=&#8221;http:\/\/banic-stamenkovic.ch\/wp-content\/uploads\/2025\/09\/9N1A9539-scaled.jpg&#8221; title_text=&#8221;Advokatskata kancelarija Banic Stamenkovic vo Lozana i Iverdon&#8221; disabled_on=&#8221;off|off|on&#8221; _builder_version=&#8221;4.27.4&#8243; _module_preset=&#8221;default&#8221; global_colors_info=&#8221;{}&#8221;][\/et_pb_fullwidth_image][\/et_pb_section][et_pb_section fb_built=&#8221;1&#8243; admin_label=&#8221;Header &#038; Contact&#8221; _builder_version=&#8221;4.27.4&#8243; _module_preset=&#8221;default&#8221; background_color=&#8221;#FFFFFF&#8221; hover_enabled=&#8221;0&#8243; collapsed=&#8221;on&#8221; global_colors_info=&#8221;{}&#8221; sticky_enabled=&#8221;0&#8243;][et_pb_row column_structure=&#8221;1_2,1_2&#8243; _builder_version=&#8221;4.27.4&#8243; _module_preset=&#8221;default&#8221; global_colors_info=&#8221;{}&#8221;][et_pb_column type=&#8221;1_2&#8243; _builder_version=&#8221;4.27.4&#8243; _module_preset=&#8221;default&#8221; global_colors_info=&#8221;{}&#8221;][et_pb_heading title=&#8221;Lozana&#8221; _builder_version=&#8221;4.27.4&#8243; _module_preset=&#8221;b78edbd2-e2e0-4918-8b42-8b4ea85d335c&#8221; title_font=&#8221;&#8211;et_global_heading_font||||||||&#8221; title_font_size=&#8221;25px&#8221; animation_style=&#8221;fade&#8221; title_font_size_tablet=&#8221;25px&#8221; title_font_size_phone=&#8221;22px&#8221; title_font_size_last_edited=&#8221;on|phone&#8221; border_color_all=&#8221;rgba(0,0,0,0.15)&#8221; locked=&#8221;off&#8221; global_colors_info=&#8221;{}&#8221;][\/et_pb_heading][et_pb_text _builder_version=&#8221;4.27.4&#8243; _module_preset=&#8221;b92f45ad-8890-440e-8021-8d2b74dab652&#8243; text_font=&#8221;&#8211;et_global_body_font||||||||&#8221; custom_margin=&#8221;||0px||false|false&#8221; global_colors_info=&#8221;{}&#8221;]<\/p>\n<p>Rue Caroline 2, 1003 Lozana<span> <\/span><\/p>\n<p>[\/et_pb_text][et_pb_text _builder_version=&#8221;4.27.4&#8243; _module_preset=&#8221;b92f45ad-8890-440e-8021-8d2b74dab652&#8243; text_font=&#8221;&#8211;et_global_body_font||||||||&#8221; custom_margin=&#8221;||0px||false|false&#8221; global_colors_info=&#8221;{}&#8221;]<\/p>\n<p>Pristap so javen prevoz: metro M2 (stanica Bessi\u00e8re)<\/p>\n<p>[\/et_pb_text][et_pb_text _builder_version=&#8221;4.27.4&#8243; _module_preset=&#8221;b92f45ad-8890-440e-8021-8d2b74dab652&#8243; text_font=&#8221;&#8211;et_global_body_font||||||||&#8221; custom_margin=&#8221;||0px||false|false&#8221; global_colors_info=&#8221;{}&#8221;]<\/p>\n<p>Pristap so avtomobil: Parking Coop Caroline<\/p>\n<p>[\/et_pb_text][\/et_pb_column][et_pb_column type=&#8221;1_2&#8243; _builder_version=&#8221;4.27.4&#8243; _module_preset=&#8221;default&#8221; global_colors_info=&#8221;{}&#8221;][et_pb_heading title=&#8221;Iverdon&#8221; _builder_version=&#8221;4.27.4&#8243; _module_preset=&#8221;b78edbd2-e2e0-4918-8b42-8b4ea85d335c&#8221; title_font=&#8221;&#8211;et_global_heading_font||||||||&#8221; title_font_size=&#8221;25px&#8221; animation_style=&#8221;fade&#8221; title_font_size_tablet=&#8221;25px&#8221; title_font_size_phone=&#8221;22px&#8221; title_font_size_last_edited=&#8221;on|phone&#8221; border_color_all=&#8221;rgba(0,0,0,0.15)&#8221; locked=&#8221;off&#8221; global_colors_info=&#8221;{}&#8221;][\/et_pb_heading][et_pb_text _builder_version=&#8221;4.27.4&#8243; _module_preset=&#8221;b92f45ad-8890-440e-8021-8d2b74dab652&#8243; text_font=&#8221;&#8211;et_global_body_font||||||||&#8221; custom_margin=&#8221;||0px||false|false&#8221; global_colors_info=&#8221;{}&#8221;]<\/p>\n<p><span>Rue de la Plaine 9-11, 1400 Yverdon-les-Bains <\/span><\/p>\n<p>[\/et_pb_text][et_pb_text _builder_version=&#8221;4.27.4&#8243; _module_preset=&#8221;b92f45ad-8890-440e-8021-8d2b74dab652&#8243; text_font=&#8221;&#8211;et_global_body_font||||||||&#8221; custom_margin=&#8221;||0px||false|false&#8221; global_colors_info=&#8221;{}&#8221;]<\/p>\n<p>Pristap so javen prevoz: \u017eelezni\u010dka stanica CFF (7 minuti pe\u0161ki)<\/p>\n<p>[\/et_pb_text][et_pb_text _builder_version=&#8221;4.27.4&#8243; _module_preset=&#8221;b92f45ad-8890-440e-8021-8d2b74dab652&#8243; text_font=&#8221;&#8211;et_global_body_font||||||||&#8221; custom_margin=&#8221;||0px||false|false&#8221; global_colors_info=&#8221;{}&#8221;]Pristap so avtomobil: Parking Place d\u2019Armes (5 minuti pe\u0161ki)[\/et_pb_text][\/et_pb_column][\/et_pb_row][\/et_pb_section][et_pb_section fb_built=&#8221;1&#8243; admin_label=&#8221;Header &#038; Contact&#8221; _builder_version=&#8221;4.27.4&#8243; _module_preset=&#8221;default&#8221; background_color=&#8221;gcid-70184d90-89dc-4d37-8a72-67bb78c7369e&#8221; animation_style=&#8221;fade&#8221; hover_enabled=&#8221;0&#8243; border_color_all=&#8221;rgba(0,0,0,0.15)&#8221; collapsed=&#8221;on&#8221; global_colors_info=&#8221;{%22gcid-70184d90-89dc-4d37-8a72-67bb78c7369e%22:%91%22background_color%22%93}&#8221; title_font_size_tablet=&#8221;25px&#8221; title_font_size_phone=&#8221;22px&#8221; title_font_size_last_edited=&#8221;on|phone&#8221; sticky_enabled=&#8221;0&#8243;][et_pb_row column_structure=&#8221;1_2,1_2&#8243; _builder_version=&#8221;4.27.4&#8243; _module_preset=&#8221;default&#8221; global_colors_info=&#8221;{}&#8221;][et_pb_column type=&#8221;1_2&#8243; _builder_version=&#8221;4.27.4&#8243; _module_preset=&#8221;default&#8221; global_colors_info=&#8221;{}&#8221;][et_pb_image src=&#8221;http:\/\/banic-stamenkovic.ch\/wp-content\/uploads\/2025\/11\/9N1A9747-copie-scaled.jpg&#8221; title_text=&#8221;9N1A9747 copie&#8221; _builder_version=&#8221;4.27.4&#8243; _module_preset=&#8221;default&#8221; width_tablet=&#8221;&#8221; width_phone=&#8221;&#8221; width_last_edited=&#8221;on|phone&#8221; global_colors_info=&#8221;{}&#8221;][\/et_pb_image][\/et_pb_column][et_pb_column type=&#8221;1_2&#8243; _builder_version=&#8221;4.27.4&#8243; _module_preset=&#8221;default&#8221; global_colors_info=&#8221;{}&#8221;][et_pb_heading title=&#8221;Asistentka&#8221; _builder_version=&#8221;4.27.4&#8243; _module_preset=&#8221;b78edbd2-e2e0-4918-8b42-8b4ea85d335c&#8221; title_font=&#8221;&#8211;et_global_heading_font||||||||&#8221; title_font_size=&#8221;25px&#8221; custom_padding=&#8221;50px||||false|false&#8221; animation_style=&#8221;fade&#8221; title_font_size_tablet=&#8221;25px&#8221; title_font_size_phone=&#8221;22px&#8221; title_font_size_last_edited=&#8221;on|phone&#8221; border_color_all=&#8221;rgba(0,0,0,0.15)&#8221; locked=&#8221;off&#8221; global_colors_info=&#8221;{}&#8221;][\/et_pb_heading][et_pb_text _builder_version=&#8221;4.27.4&#8243; _module_preset=&#8221;b92f45ad-8890-440e-8021-8d2b74dab652&#8243; text_font=&#8221;&#8211;et_global_body_font||||||||&#8221; header_5_font=&#8221;SuisseIntl-Medium||||||||&#8221; custom_margin=&#8221;||0px||false|false&#8221; global_colors_info=&#8221;{}&#8221;]<\/p>\n<h5>Maria Kennedy<\/h5>\n<p>[\/et_pb_text][et_pb_text _builder_version=&#8221;4.27.4&#8243; _module_preset=&#8221;b92f45ad-8890-440e-8021-8d2b74dab652&#8243; text_font=&#8221;&#8211;et_global_body_font||||||||&#8221; custom_margin=&#8221;||0px||false|false&#8221; global_colors_info=&#8221;{}&#8221;]<\/p>\n<p><span>Jazici: francuski, angliski, \u0161panski<\/span><\/p>\n<p>[\/et_pb_text][\/et_pb_column][\/et_pb_row][\/et_pb_section]<\/p>\n","protected":false},"excerpt":{"rendered":"<p>KontaktBanic Stamenkovic \u2013 AdvokatiKontaktBanic Stamenkovic \u2013 AdvokatiRue Caroline 2, 1003 Lozana Pristap so javen prevoz: metro M2 (stanica Bessi\u00e8re)Pristap so avtomobil: Parking Coop CarolineRue de la Plaine 9-11, 1400 Yverdon-les-Bains Pristap so javen prevoz: \u017eelezni\u010dka stanica CFF (7 minuti pe\u0161ki)Pristap so avtomobil: Parking Place d\u2019Armes (5 minuti pe\u0161ki)Maria KennedyJazici: francuski, angliski, \u0161panski<\/p>\n","protected":false},"author":1,"featured_media":0,"parent":0,"menu_order":0,"comment_status":"closed","ping_status":"closed","template":"","meta":{"_et_pb_use_builder":"on","_et_pb_old_content":"","_et_gb_content_width":"","footnotes":""},"class_list":["post-1376","page","type-page","status-publish","hentry"],"yoast_head":"<!-- This site is optimized with the Yoast SEO plugin v27.2 - https:\/\/yoast.com\/product\/yoast-seo-wordpress\/ -->\n<title>Kontakt - Banic Stamenkovic Avocats<\/title>\n<meta name=\"description\" content=\"Zaka\u017eete sostanok so na\u0161ite advokati vo Lozana ili Iverdon. Kontakt, rabotno vreme i pristap so javen prevoz ili so avtomobil.\" \/>\n<meta name=\"robots\" content=\"index, follow, max-snippet:-1, max-image-preview:large, max-video-preview:-1\" \/>\n<link rel=\"canonical\" href=\"https:\/\/banic-stamenkovic.ch\/mk\/kontakt\/\" \/>\n<meta property=\"og:locale\" content=\"mk_MK\" \/>\n<meta property=\"og:type\" content=\"article\" \/>\n<meta property=\"og:title\" content=\"Kontakt - Banic Stamenkovic Avocats\" \/>\n<meta property=\"og:description\" content=\"Zaka\u017eete sostanok so na\u0161ite advokati vo Lozana ili Iverdon. Kontakt, rabotno vreme i pristap so javen prevoz ili so avtomobil.\" \/>\n<meta property=\"og:url\" content=\"https:\/\/banic-stamenkovic.ch\/mk\/kontakt\/\" \/>\n<meta property=\"og:site_name\" content=\"Banic Stamenkovic Avocats\" \/>\n<meta property=\"article:modified_time\" content=\"2026-03-24T09:42:32+00:00\" \/>\n<meta name=\"twitter:card\" content=\"summary_large_image\" \/>\n<meta name=\"twitter:label1\" content=\"Est. reading time\" \/>\n\t<meta name=\"twitter:data1\" content=\"9 \u043c\u0438\u043d\u0443\u0442\u0438\" \/>\n<script type=\"application\/ld+json\" class=\"yoast-schema-graph\">{\"@context\":\"https:\/\/schema.org\",\"@graph\":[{\"@type\":\"WebPage\",\"@id\":\"https:\/\/banic-stamenkovic.ch\/mk\/kontakt\/\",\"url\":\"https:\/\/banic-stamenkovic.ch\/mk\/kontakt\/\",\"name\":\"Kontakt - Banic Stamenkovic Avocats\",\"isPartOf\":{\"@id\":\"https:\/\/banic-stamenkovic.ch\/mk\/#website\"},\"datePublished\":\"2025-07-16T10:23:52+00:00\",\"dateModified\":\"2026-03-24T09:42:32+00:00\",\"description\":\"Zaka\u017eete sostanok so na\u0161ite advokati vo Lozana ili Iverdon. Kontakt, rabotno vreme i pristap so javen prevoz ili so avtomobil.\",\"breadcrumb\":{\"@id\":\"https:\/\/banic-stamenkovic.ch\/mk\/kontakt\/#breadcrumb\"},\"inLanguage\":\"mk-MK\",\"potentialAction\":[{\"@type\":\"ReadAction\",\"target\":[\"https:\/\/banic-stamenkovic.ch\/mk\/kontakt\/\"]}]},{\"@type\":\"BreadcrumbList\",\"@id\":\"https:\/\/banic-stamenkovic.ch\/mk\/kontakt\/#breadcrumb\",\"itemListElement\":[{\"@type\":\"ListItem\",\"position\":1,\"name\":\"Accueil\",\"item\":\"https:\/\/banic-stamenkovic.ch\/mk\/\"},{\"@type\":\"ListItem\",\"position\":2,\"name\":\"Kontakt\"}]},{\"@type\":\"WebSite\",\"@id\":\"https:\/\/banic-stamenkovic.ch\/mk\/#website\",\"url\":\"https:\/\/banic-stamenkovic.ch\/mk\/\",\"name\":\"Banic Stamenkovic Avocats\",\"description\":\"Lausanne\",\"potentialAction\":[{\"@type\":\"SearchAction\",\"target\":{\"@type\":\"EntryPoint\",\"urlTemplate\":\"https:\/\/banic-stamenkovic.ch\/mk\/?s={search_term_string}\"},\"query-input\":{\"@type\":\"PropertyValueSpecification\",\"valueRequired\":true,\"valueName\":\"search_term_string\"}}],\"inLanguage\":\"mk-MK\"}]}<\/script>\n<!-- \/ Yoast SEO plugin. -->","yoast_head_json":{"title":"Kontakt - Banic Stamenkovic Avocats","description":"Zaka\u017eete sostanok so na\u0161ite advokati vo Lozana ili Iverdon. Kontakt, rabotno vreme i pristap so javen prevoz ili so avtomobil.","robots":{"index":"index","follow":"follow","max-snippet":"max-snippet:-1","max-image-preview":"max-image-preview:large","max-video-preview":"max-video-preview:-1"},"canonical":"https:\/\/banic-stamenkovic.ch\/mk\/kontakt\/","og_locale":"mk_MK","og_type":"article","og_title":"Kontakt - Banic Stamenkovic Avocats","og_description":"Zaka\u017eete sostanok so na\u0161ite advokati vo Lozana ili Iverdon. Kontakt, rabotno vreme i pristap so javen prevoz ili so avtomobil.","og_url":"https:\/\/banic-stamenkovic.ch\/mk\/kontakt\/","og_site_name":"Banic Stamenkovic Avocats","article_modified_time":"2026-03-24T09:42:32+00:00","twitter_card":"summary_large_image","twitter_misc":{"Est. reading time":"9 \u043c\u0438\u043d\u0443\u0442\u0438"},"schema":{"@context":"https:\/\/schema.org","@graph":[{"@type":"WebPage","@id":"https:\/\/banic-stamenkovic.ch\/mk\/kontakt\/","url":"https:\/\/banic-stamenkovic.ch\/mk\/kontakt\/","name":"Kontakt - Banic Stamenkovic Avocats","isPartOf":{"@id":"https:\/\/banic-stamenkovic.ch\/mk\/#website"},"datePublished":"2025-07-16T10:23:52+00:00","dateModified":"2026-03-24T09:42:32+00:00","description":"Zaka\u017eete sostanok so na\u0161ite advokati vo Lozana ili Iverdon. Kontakt, rabotno vreme i pristap so javen prevoz ili so avtomobil.","breadcrumb":{"@id":"https:\/\/banic-stamenkovic.ch\/mk\/kontakt\/#breadcrumb"},"inLanguage":"mk-MK","potentialAction":[{"@type":"ReadAction","target":["https:\/\/banic-stamenkovic.ch\/mk\/kontakt\/"]}]},{"@type":"BreadcrumbList","@id":"https:\/\/banic-stamenkovic.ch\/mk\/kontakt\/#breadcrumb","itemListElement":[{"@type":"ListItem","position":1,"name":"Accueil","item":"https:\/\/banic-stamenkovic.ch\/mk\/"},{"@type":"ListItem","position":2,"name":"Kontakt"}]},{"@type":"WebSite","@id":"https:\/\/banic-stamenkovic.ch\/mk\/#website","url":"https:\/\/banic-stamenkovic.ch\/mk\/","name":"Banic Stamenkovic Avocats","description":"Lausanne","potentialAction":[{"@type":"SearchAction","target":{"@type":"EntryPoint","urlTemplate":"https:\/\/banic-stamenkovic.ch\/mk\/?s={search_term_string}"},"query-input":{"@type":"PropertyValueSpecification","valueRequired":true,"valueName":"search_term_string"}}],"inLanguage":"mk-MK"}]}},"_links":{"self":[{"href":"https:\/\/banic-stamenkovic.ch\/mk\/wp-json\/wp\/v2\/pages\/1376","targetHints":{"allow":["GET"]}}],"collection":[{"href":"https:\/\/banic-stamenkovic.ch\/mk\/wp-json\/wp\/v2\/pages"}],"about":[{"href":"https:\/\/banic-stamenkovic.ch\/mk\/wp-json\/wp\/v2\/types\/page"}],"author":[{"embeddable":true,"href":"https:\/\/banic-stamenkovic.ch\/mk\/wp-json\/wp\/v2\/users\/1"}],"replies":[{"embeddable":true,"href":"https:\/\/banic-stamenkovic.ch\/mk\/wp-json\/wp\/v2\/comments?post=1376"}],"version-history":[{"count":2,"href":"https:\/\/banic-stamenkovic.ch\/mk\/wp-json\/wp\/v2\/pages\/1376\/revisions"}],"predecessor-version":[{"id":1378,"href":"https:\/\/banic-stamenkovic.ch\/mk\/wp-json\/wp\/v2\/pages\/1376\/revisions\/1378"}],"wp:attachment":[{"href":"https:\/\/banic-stamenkovic.ch\/mk\/wp-json\/wp\/v2\/media?parent=1376"}],"curies":[{"name":"wp","href":"https:\/\/api.w.org\/{rel}","templated":true}]}}