{"id":1365,"date":"2025-07-16T10:13:21","date_gmt":"2025-07-16T10:13:21","guid":{"rendered":"http:\/\/banic-stamenkovic.ch\/mima-jancevski\/"},"modified":"2026-03-27T08:50:28","modified_gmt":"2026-03-27T08:50:28","slug":"mima-jancevski","status":"publish","type":"page","link":"https:\/\/banic-stamenkovic.ch\/mk\/mima-jancevski\/","title":{"rendered":"Mima Jancevski"},"content":{"rendered":"<p>[et_pb_section fb_built=&#8221;1&#8243; disabled_on=&#8221;on|on|off&#8221; _builder_version=&#8221;4.27.4&#8243; _module_preset=&#8221;default&#8221; background_color=&#8221;gcid-primary-color&#8221; global_colors_info=&#8221;{%22gcid-primary-color%22:%91%22background_color%22%93}&#8221;][et_pb_row column_structure=&#8221;1_2,1_2&#8243; _builder_version=&#8221;4.27.4&#8243; _module_preset=&#8221;default&#8221; custom_padding=&#8221;2px||1px|||&#8221; global_colors_info=&#8221;{}&#8221;][et_pb_column type=&#8221;1_2&#8243; _builder_version=&#8221;4.27.4&#8243; _module_preset=&#8221;default&#8221; global_colors_info=&#8221;{}&#8221;][et_pb_image src=&#8221;http:\/\/banic-stamenkovic.ch\/wp-content\/uploads\/2025\/09\/9N1A9712-scaled.jpg&#8221; alt=&#8221;Mima Jancevski \u2013 Advokatka-praktikantka vo Lozana&#8221; title_text=&#8221;Mima Jancevski \u2013 Advokatka-praktikantka vo Lozana&#8221; disabled_on=&#8221;on|on|off&#8221; _builder_version=&#8221;4.27.4&#8243; _module_preset=&#8221;default&#8221; hover_enabled=&#8221;0&#8243; global_colors_info=&#8221;{}&#8221; sticky_enabled=&#8221;0&#8243;][\/et_pb_image][\/et_pb_column][et_pb_column type=&#8221;1_2&#8243; _builder_version=&#8221;4.27.4&#8243; _module_preset=&#8221;default&#8221; global_colors_info=&#8221;{}&#8221;][et_pb_text _builder_version=&#8221;4.27.4&#8243; _module_preset=&#8221;6caedfea-843a-4e56-a387-bf180c1022ec&#8221; header_font=&#8221;&#8211;et_global_heading_font||||||||&#8221; header_text_color=&#8221;#FFFFFF&#8221; header_4_font=&#8221;&#8211;et_global_heading_font||||||||&#8221; header_4_text_color=&#8221;#000000&#8243; header_4_font_size=&#8221;22px&#8221; max_width=&#8221;800px&#8221; custom_margin=&#8221;||20px||false|false&#8221; custom_padding=&#8221;50px||||false|false&#8221; hover_enabled=&#8221;0&#8243; global_colors_info=&#8221;{}&#8221; sticky_enabled=&#8221;0&#8243;]<\/p>\n<h1>Me Mima Jancevski<\/h1>\n<p>[\/et_pb_text][et_pb_divider color=&#8221;#FFFFFF&#8221; divider_weight=&#8221;3px&#8221; disabled_on=&#8221;on|on|off&#8221; _builder_version=&#8221;4.27.4&#8243; max_width=&#8221;50px&#8221; custom_margin=&#8221;-10px||12px||false|false&#8221; custom_padding=&#8221;0px||||false|false&#8221; animation_style=&#8221;fade&#8221; global_colors_info=&#8221;{}&#8221;][\/et_pb_divider][et_pb_text _builder_version=&#8221;4.27.4&#8243; _module_preset=&#8221;6caedfea-843a-4e56-a387-bf180c1022ec&#8221; text_font=&#8221;&#8211;et_global_body_font||||||||&#8221; text_text_color=&#8221;#FFFFFF&#8221; link_text_color=&#8221;#000000&#8243; header_4_font=&#8221;SuisseIntl-Medium||||||||&#8221; header_4_text_color=&#8221;#000000&#8243; header_4_font_size=&#8221;20px&#8221; header_4_line_height=&#8221;1.5em&#8221; header_5_font=&#8221;SuisseIntl-Medium||||||||&#8221; header_5_text_color=&#8221;#FFFFFF&#8221; max_width=&#8221;800px&#8221; custom_margin=&#8221;||20px||false|false&#8221; hover_enabled=&#8221;0&#8243; global_colors_info=&#8221;{}&#8221; sticky_enabled=&#8221;0&#8243;]<\/p>\n<h5>Advokatka-praktikantka<\/h5>\n<p>Me Mima Jancevski ja stekna svojata magistratura po \u0161vajcarsko pravo so nasoka ekonomsko pravo, po zavr\u0161uvanjeto na studiite na Univerzitetot vo \u017deneva. Potoa rabotela vo dano\u010dniot oddel na edna Big Four kompanija, kade \u0161to sovetuvala raznovidna klientela za pra\u0161anja od \u0161vajcarsko i megjunarodno dano\u010dno pravo.<\/p>\n<p>Potoa rabotela kako zapisni\u010darka vo Justice de paix de la Gruy\u00e8re, a potoa osum godini vo Okru\u017eniot sud vo Lozana, od koi \u0161est godini kako glavna zapisni\u010darka vo Semejnoto oddelenie.<\/p>\n<p>Taa steknala cvrsto prakti\u010dno iskustvo vo sudskata postapka, osobeno vo gra\u01f5anskoto i semejnoto pravo.<\/p>\n<p>Kako advokatka-praktikantka vo kancelarijata, taa ja stava vo slu\u017eba na strankite svojata svestranost, poznavanje na sudskite mehanizmi i silna posvetenost.<\/p>\n<p>[\/et_pb_text][et_pb_text _builder_version=&#8221;4.27.4&#8243; _module_preset=&#8221;6caedfea-843a-4e56-a387-bf180c1022ec&#8221; text_font=&#8221;&#8211;et_global_body_font||||||||&#8221; text_text_color=&#8221;#FFFFFF&#8221; header_4_font=&#8221;SuisseIntl-Medium||||||||&#8221; header_4_text_color=&#8221;#FFFFFF&#8221; header_4_font_size=&#8221;20px&#8221; header_4_line_height=&#8221;1.5em&#8221; header_6_font=&#8221;SuisseIntl-Medium||||||||&#8221; header_6_text_color=&#8221;#FFFFFF&#8221; header_6_font_size=&#8221;16px&#8221; max_width=&#8221;800px&#8221; custom_margin=&#8221;||20px||false|false&#8221; hover_enabled=&#8221;0&#8243; global_colors_info=&#8221;{}&#8221; sticky_enabled=&#8221;0&#8243;]<\/p>\n<h6>Jazici:<br \/>\n<span><\/span><\/h6>\n<p><span>francuski, angliski, makedonski, srpski<\/span><\/p>\n<p>[\/et_pb_text][\/et_pb_column][\/et_pb_row][\/et_pb_section][et_pb_section fb_built=&#8221;1&#8243; disabled_on=&#8221;off|off|on&#8221; admin_label=&#8221;Header&#8221; _builder_version=&#8221;4.27.4&#8243; _module_preset=&#8221;default&#8221; background_color=&#8221;gcid-primary-color&#8221; custom_padding=&#8221;0px||0px||true|false&#8221; collapsed=&#8221;off&#8221; global_colors_info=&#8221;{%22gcid-primary-color%22:%91%22background_color%22%93}&#8221;][et_pb_row make_equal=&#8221;on&#8221; _builder_version=&#8221;4.27.4&#8243; _module_preset=&#8221;default&#8221; width=&#8221;94%&#8221; width_tablet=&#8221;80%&#8221; width_phone=&#8221;80%&#8221; width_last_edited=&#8221;on|desktop&#8221; max_width=&#8221;2000px&#8221; custom_margin=&#8221;0px|0px|0px||true|false&#8221; custom_margin_tablet=&#8221;|10px||50px|true|false&#8221; custom_margin_phone=&#8221;|0px||0px|true|true&#8221; custom_margin_last_edited=&#8221;on|phone&#8221; custom_padding=&#8221;0px||0px||true|false&#8221; global_colors_info=&#8221;{}&#8221;][et_pb_column type=&#8221;4_4&#8243; _builder_version=&#8221;4.27.4&#8243; _module_preset=&#8221;default&#8221; custom_padding=&#8221;20vh||20vh||false|false&#8221; custom_padding_tablet=&#8221;12vw|10px|||false|false&#8221; custom_padding_phone=&#8221;10vw|0px|5px|40px|false|false&#8221; custom_padding_last_edited=&#8221;on|phone&#8221; global_colors_info=&#8221;{}&#8221;][et_pb_text _builder_version=&#8221;4.27.4&#8243; _module_preset=&#8221;6caedfea-843a-4e56-a387-bf180c1022ec&#8221; header_text_color=&#8221;#FFFFFF&#8221; header_4_font=&#8221;&#8211;et_global_heading_font||||||||&#8221; header_4_text_color=&#8221;#000000&#8243; header_4_font_size=&#8221;22px&#8221; max_width=&#8221;800px&#8221; custom_margin=&#8221;||20px||false|false&#8221; hover_enabled=&#8221;0&#8243; header_font_size_tablet=&#8221;30px&#8221; header_font_size_phone=&#8221;30px&#8221; header_font_size_last_edited=&#8221;on|phone&#8221; global_colors_info=&#8221;{}&#8221; sticky_enabled=&#8221;0&#8243;]<\/p>\n<h1>Me Mima Jancevski<\/h1>\n<p>[\/et_pb_text][\/et_pb_column][\/et_pb_row][\/et_pb_section][et_pb_section fb_built=&#8221;1&#8243; fullwidth=&#8221;on&#8221; _builder_version=&#8221;4.27.4&#8243; _module_preset=&#8221;default&#8221; global_colors_info=&#8221;{}&#8221;][et_pb_fullwidth_image src=&#8221;http:\/\/banic-stamenkovic.ch\/wp-content\/uploads\/2025\/09\/9N1A9712-scaled.jpg&#8221; alt=&#8221;Mima Jancevski \u2013 Advokatka-praktikantka vo Lozana&#8221; title_text=&#8221;Mima Jancevski \u2013 Advokatka-praktikantka vo Lozana&#8221; disabled_on=&#8221;off|off|on&#8221; _builder_version=&#8221;4.27.4&#8243; _module_preset=&#8221;default&#8221; hover_enabled=&#8221;0&#8243; global_colors_info=&#8221;{}&#8221; sticky_enabled=&#8221;0&#8243;][\/et_pb_fullwidth_image][\/et_pb_section][et_pb_section fb_built=&#8221;1&#8243; disabled_on=&#8221;off|off|on&#8221; _builder_version=&#8221;4.27.4&#8243; _module_preset=&#8221;default&#8221; background_color=&#8221;gcid-primary-color&#8221; global_colors_info=&#8221;{%22gcid-primary-color%22:%91%22background_color%22%93}&#8221;][et_pb_row _builder_version=&#8221;4.27.4&#8243; _module_preset=&#8221;default&#8221; global_colors_info=&#8221;{}&#8221;][et_pb_column type=&#8221;4_4&#8243; _builder_version=&#8221;4.27.4&#8243; _module_preset=&#8221;default&#8221; global_colors_info=&#8221;{}&#8221;][et_pb_text _builder_version=&#8221;4.27.4&#8243; _module_preset=&#8221;6caedfea-843a-4e56-a387-bf180c1022ec&#8221; text_font=&#8221;&#8211;et_global_body_font||||||||&#8221; text_text_color=&#8221;#FFFFFF&#8221; header_4_font=&#8221;SuisseIntl-Medium||||||||&#8221; header_4_text_color=&#8221;#FFFFFF&#8221; header_4_font_size=&#8221;20px&#8221; header_4_line_height=&#8221;1.5em&#8221; header_5_font=&#8221;SuisseIntl-Medium||||||||&#8221; header_5_text_color=&#8221;#FFFFFF&#8221; max_width=&#8221;800px&#8221; custom_margin=&#8221;||20px||false|false&#8221; hover_enabled=&#8221;0&#8243; global_colors_info=&#8221;{}&#8221; sticky_enabled=&#8221;0&#8243;]<\/p>\n<h5>Advokatka-praktikantka<\/h5>\n<p>Me Mima Jancevski ja stekna svojata magistratura po \u0161vajcarsko pravo so nasoka ekonomsko pravo, po zavr\u0161uvanjeto na studiite na Univerzitetot vo \u017deneva. Potoa rabotela vo dano\u010dniot oddel na edna Big Four kompanija, kade \u0161to sovetuvala raznovidna klientela za pra\u0161anja od \u0161vajcarsko i megjunarodno dano\u010dno pravo.<\/p>\n<p>Potoa rabotela kako zapisni\u010darka vo Justice de paix de la Gruy\u00e8re, a potoa osum godini vo Okru\u017eniot sud vo Lozana, od koi \u0161est godini kako glavna zapisni\u010darka vo Semejnoto oddelenie.<\/p>\n<p>Taa steknala cvrsto prakti\u010dno iskustvo vo sudskata postapka, osobeno vo gra\u01f5anskoto i semejnoto pravo.<\/p>\n<p>Kako advokatka-praktikantka vo kancelarijata, taa ja stava vo slu\u017eba na strankite svojata svestranost, poznavanje na sudskite mehanizmi i silna posvetenost.<\/p>\n<p>[\/et_pb_text][et_pb_text _builder_version=&#8221;4.27.4&#8243; _module_preset=&#8221;6caedfea-843a-4e56-a387-bf180c1022ec&#8221; text_font=&#8221;&#8211;et_global_body_font||||||||&#8221; text_text_color=&#8221;#FFFFFF&#8221; header_4_font=&#8221;SuisseIntl-Medium||||||||&#8221; header_4_text_color=&#8221;#FFFFFF&#8221; header_4_font_size=&#8221;20px&#8221; header_4_line_height=&#8221;1.5em&#8221; header_6_font=&#8221;SuisseIntl-Medium||||||||&#8221; header_6_text_color=&#8221;#FFFFFF&#8221; header_6_font_size=&#8221;16px&#8221; max_width=&#8221;800px&#8221; custom_margin=&#8221;||20px||false|false&#8221; hover_enabled=&#8221;0&#8243; global_colors_info=&#8221;{}&#8221; sticky_enabled=&#8221;0&#8243;]<\/p>\n<h6>Jazici:<br \/><span><\/span><\/h6>\n<p><span>francuski, angliski, makedonski, srpski<\/span><\/p>\n<p>[\/et_pb_text][\/et_pb_column][\/et_pb_row][\/et_pb_section]<\/p>\n","protected":false},"excerpt":{"rendered":"<p>Me Mima JancevskiAdvokatka-praktikantka Me Mima Jancevski ja stekna svojata magistratura po \u0161vajcarsko pravo so nasoka ekonomsko pravo, po zavr\u0161uvanjeto na studiite na Univerzitetot vo \u017deneva. Potoa rabotela vo dano\u010dniot oddel na edna Big Four kompanija, kade \u0161to sovetuvala raznovidna klientela za pra\u0161anja od \u0161vajcarsko i megjunarodno dano\u010dno pravo. Potoa rabotela kako zapisni\u010darka vo Justice de [&hellip;]<\/p>\n","protected":false},"author":1,"featured_media":1364,"parent":0,"menu_order":0,"comment_status":"closed","ping_status":"closed","template":"","meta":{"_et_pb_use_builder":"on","_et_pb_old_content":"","_et_gb_content_width":"","footnotes":""},"class_list":["post-1365","page","type-page","status-publish","has-post-thumbnail","hentry"],"yoast_head":"<!-- This site is optimized with the Yoast SEO plugin v27.2 - https:\/\/yoast.com\/product\/yoast-seo-wordpress\/ -->\n<title>Mima Jancevski - Banic Stamenkovic Avocats<\/title>\n<meta name=\"description\" content=\"Advokatka-praktikantka vo Advokatskata kancelarija Banic Stamenkovic. Iskustvo vo gra\u01f5anska postapka i semejno pravo; porane\u0161na sudska zapisni\u010darka vo Okru\u017eniot sud vo Lozana.\" \/>\n<meta name=\"robots\" content=\"index, follow, max-snippet:-1, max-image-preview:large, max-video-preview:-1\" \/>\n<link rel=\"canonical\" href=\"https:\/\/banic-stamenkovic.ch\/mk\/mima-jancevski\/\" \/>\n<meta property=\"og:locale\" content=\"mk_MK\" \/>\n<meta property=\"og:type\" content=\"article\" \/>\n<meta property=\"og:title\" content=\"Mima Jancevski - Banic Stamenkovic Avocats\" \/>\n<meta property=\"og:description\" content=\"Advokatka-praktikantka vo Advokatskata kancelarija Banic Stamenkovic. Iskustvo vo gra\u01f5anska postapka i semejno pravo; porane\u0161na sudska zapisni\u010darka vo Okru\u017eniot sud vo Lozana.\" \/>\n<meta property=\"og:url\" content=\"https:\/\/banic-stamenkovic.ch\/mk\/mima-jancevski\/\" \/>\n<meta property=\"og:site_name\" content=\"Banic Stamenkovic Avocats\" \/>\n<meta property=\"article:modified_time\" content=\"2026-03-27T08:50:28+00:00\" \/>\n<meta property=\"og:image\" content=\"https:\/\/banic-stamenkovic.ch\/wp-content\/uploads\/2025\/09\/9N1A9712-scaled.jpg\" \/>\n\t<meta property=\"og:image:width\" content=\"1707\" \/>\n\t<meta property=\"og:image:height\" content=\"2560\" \/>\n\t<meta property=\"og:image:type\" content=\"image\/jpeg\" \/>\n<meta name=\"twitter:card\" content=\"summary_large_image\" \/>\n<meta name=\"twitter:label1\" content=\"Est. reading time\" \/>\n\t<meta name=\"twitter:data1\" content=\"5 \u043c\u0438\u043d\u0443\u0442\u0438\" \/>\n<script type=\"application\/ld+json\" class=\"yoast-schema-graph\">{\"@context\":\"https:\/\/schema.org\",\"@graph\":[{\"@type\":\"WebPage\",\"@id\":\"https:\/\/banic-stamenkovic.ch\/mk\/mima-jancevski\/\",\"url\":\"https:\/\/banic-stamenkovic.ch\/mk\/mima-jancevski\/\",\"name\":\"Mima Jancevski - Banic Stamenkovic Avocats\",\"isPartOf\":{\"@id\":\"https:\/\/banic-stamenkovic.ch\/mk\/#website\"},\"primaryImageOfPage\":{\"@id\":\"https:\/\/banic-stamenkovic.ch\/mk\/mima-jancevski\/#primaryimage\"},\"image\":{\"@id\":\"https:\/\/banic-stamenkovic.ch\/mk\/mima-jancevski\/#primaryimage\"},\"thumbnailUrl\":\"https:\/\/banic-stamenkovic.ch\/wp-content\/uploads\/2025\/09\/9N1A9712-scaled.jpg\",\"datePublished\":\"2025-07-16T10:13:21+00:00\",\"dateModified\":\"2026-03-27T08:50:28+00:00\",\"description\":\"Advokatka-praktikantka vo Advokatskata kancelarija Banic Stamenkovic. Iskustvo vo gra\u01f5anska postapka i semejno pravo; porane\u0161na sudska zapisni\u010darka vo Okru\u017eniot sud vo Lozana.\",\"breadcrumb\":{\"@id\":\"https:\/\/banic-stamenkovic.ch\/mk\/mima-jancevski\/#breadcrumb\"},\"inLanguage\":\"mk-MK\",\"potentialAction\":[{\"@type\":\"ReadAction\",\"target\":[\"https:\/\/banic-stamenkovic.ch\/mk\/mima-jancevski\/\"]}]},{\"@type\":\"ImageObject\",\"inLanguage\":\"mk-MK\",\"@id\":\"https:\/\/banic-stamenkovic.ch\/mk\/mima-jancevski\/#primaryimage\",\"url\":\"https:\/\/banic-stamenkovic.ch\/wp-content\/uploads\/2025\/09\/9N1A9712-scaled.jpg\",\"contentUrl\":\"https:\/\/banic-stamenkovic.ch\/wp-content\/uploads\/2025\/09\/9N1A9712-scaled.jpg\",\"width\":1707,\"height\":2560,\"caption\":\"Mima Jancevski \u2013 Advokatka-praktikantka vo Lozana\"},{\"@type\":\"BreadcrumbList\",\"@id\":\"https:\/\/banic-stamenkovic.ch\/mk\/mima-jancevski\/#breadcrumb\",\"itemListElement\":[{\"@type\":\"ListItem\",\"position\":1,\"name\":\"Accueil\",\"item\":\"https:\/\/banic-stamenkovic.ch\/mk\/\"},{\"@type\":\"ListItem\",\"position\":2,\"name\":\"Mima Jancevski\"}]},{\"@type\":\"WebSite\",\"@id\":\"https:\/\/banic-stamenkovic.ch\/mk\/#website\",\"url\":\"https:\/\/banic-stamenkovic.ch\/mk\/\",\"name\":\"Banic Stamenkovic Avocats\",\"description\":\"Lausanne\",\"potentialAction\":[{\"@type\":\"SearchAction\",\"target\":{\"@type\":\"EntryPoint\",\"urlTemplate\":\"https:\/\/banic-stamenkovic.ch\/mk\/?s={search_term_string}\"},\"query-input\":{\"@type\":\"PropertyValueSpecification\",\"valueRequired\":true,\"valueName\":\"search_term_string\"}}],\"inLanguage\":\"mk-MK\"}]}<\/script>\n<!-- \/ Yoast SEO plugin. -->","yoast_head_json":{"title":"Mima Jancevski - Banic Stamenkovic Avocats","description":"Advokatka-praktikantka vo Advokatskata kancelarija Banic Stamenkovic. Iskustvo vo gra\u01f5anska postapka i semejno pravo; porane\u0161na sudska zapisni\u010darka vo Okru\u017eniot sud vo Lozana.","robots":{"index":"index","follow":"follow","max-snippet":"max-snippet:-1","max-image-preview":"max-image-preview:large","max-video-preview":"max-video-preview:-1"},"canonical":"https:\/\/banic-stamenkovic.ch\/mk\/mima-jancevski\/","og_locale":"mk_MK","og_type":"article","og_title":"Mima Jancevski - Banic Stamenkovic Avocats","og_description":"Advokatka-praktikantka vo Advokatskata kancelarija Banic Stamenkovic. Iskustvo vo gra\u01f5anska postapka i semejno pravo; porane\u0161na sudska zapisni\u010darka vo Okru\u017eniot sud vo Lozana.","og_url":"https:\/\/banic-stamenkovic.ch\/mk\/mima-jancevski\/","og_site_name":"Banic Stamenkovic Avocats","article_modified_time":"2026-03-27T08:50:28+00:00","og_image":[{"width":1707,"height":2560,"url":"https:\/\/banic-stamenkovic.ch\/wp-content\/uploads\/2025\/09\/9N1A9712-scaled.jpg","type":"image\/jpeg"}],"twitter_card":"summary_large_image","twitter_misc":{"Est. reading time":"5 \u043c\u0438\u043d\u0443\u0442\u0438"},"schema":{"@context":"https:\/\/schema.org","@graph":[{"@type":"WebPage","@id":"https:\/\/banic-stamenkovic.ch\/mk\/mima-jancevski\/","url":"https:\/\/banic-stamenkovic.ch\/mk\/mima-jancevski\/","name":"Mima Jancevski - Banic Stamenkovic Avocats","isPartOf":{"@id":"https:\/\/banic-stamenkovic.ch\/mk\/#website"},"primaryImageOfPage":{"@id":"https:\/\/banic-stamenkovic.ch\/mk\/mima-jancevski\/#primaryimage"},"image":{"@id":"https:\/\/banic-stamenkovic.ch\/mk\/mima-jancevski\/#primaryimage"},"thumbnailUrl":"https:\/\/banic-stamenkovic.ch\/wp-content\/uploads\/2025\/09\/9N1A9712-scaled.jpg","datePublished":"2025-07-16T10:13:21+00:00","dateModified":"2026-03-27T08:50:28+00:00","description":"Advokatka-praktikantka vo Advokatskata kancelarija Banic Stamenkovic. Iskustvo vo gra\u01f5anska postapka i semejno pravo; porane\u0161na sudska zapisni\u010darka vo Okru\u017eniot sud vo Lozana.","breadcrumb":{"@id":"https:\/\/banic-stamenkovic.ch\/mk\/mima-jancevski\/#breadcrumb"},"inLanguage":"mk-MK","potentialAction":[{"@type":"ReadAction","target":["https:\/\/banic-stamenkovic.ch\/mk\/mima-jancevski\/"]}]},{"@type":"ImageObject","inLanguage":"mk-MK","@id":"https:\/\/banic-stamenkovic.ch\/mk\/mima-jancevski\/#primaryimage","url":"https:\/\/banic-stamenkovic.ch\/wp-content\/uploads\/2025\/09\/9N1A9712-scaled.jpg","contentUrl":"https:\/\/banic-stamenkovic.ch\/wp-content\/uploads\/2025\/09\/9N1A9712-scaled.jpg","width":1707,"height":2560,"caption":"Mima Jancevski \u2013 Advokatka-praktikantka vo Lozana"},{"@type":"BreadcrumbList","@id":"https:\/\/banic-stamenkovic.ch\/mk\/mima-jancevski\/#breadcrumb","itemListElement":[{"@type":"ListItem","position":1,"name":"Accueil","item":"https:\/\/banic-stamenkovic.ch\/mk\/"},{"@type":"ListItem","position":2,"name":"Mima Jancevski"}]},{"@type":"WebSite","@id":"https:\/\/banic-stamenkovic.ch\/mk\/#website","url":"https:\/\/banic-stamenkovic.ch\/mk\/","name":"Banic Stamenkovic Avocats","description":"Lausanne","potentialAction":[{"@type":"SearchAction","target":{"@type":"EntryPoint","urlTemplate":"https:\/\/banic-stamenkovic.ch\/mk\/?s={search_term_string}"},"query-input":{"@type":"PropertyValueSpecification","valueRequired":true,"valueName":"search_term_string"}}],"inLanguage":"mk-MK"}]}},"_links":{"self":[{"href":"https:\/\/banic-stamenkovic.ch\/mk\/wp-json\/wp\/v2\/pages\/1365","targetHints":{"allow":["GET"]}}],"collection":[{"href":"https:\/\/banic-stamenkovic.ch\/mk\/wp-json\/wp\/v2\/pages"}],"about":[{"href":"https:\/\/banic-stamenkovic.ch\/mk\/wp-json\/wp\/v2\/types\/page"}],"author":[{"embeddable":true,"href":"https:\/\/banic-stamenkovic.ch\/mk\/wp-json\/wp\/v2\/users\/1"}],"replies":[{"embeddable":true,"href":"https:\/\/banic-stamenkovic.ch\/mk\/wp-json\/wp\/v2\/comments?post=1365"}],"version-history":[{"count":6,"href":"https:\/\/banic-stamenkovic.ch\/mk\/wp-json\/wp\/v2\/pages\/1365\/revisions"}],"predecessor-version":[{"id":1943,"href":"https:\/\/banic-stamenkovic.ch\/mk\/wp-json\/wp\/v2\/pages\/1365\/revisions\/1943"}],"wp:featuredmedia":[{"embeddable":true,"href":"https:\/\/banic-stamenkovic.ch\/mk\/wp-json\/wp\/v2\/media\/1364"}],"wp:attachment":[{"href":"https:\/\/banic-stamenkovic.ch\/mk\/wp-json\/wp\/v2\/media?parent=1365"}],"curies":[{"name":"wp","href":"https:\/\/api.w.org\/{rel}","templated":true}]}}